{"id":63304,"date":"2025-07-28T15:29:45","date_gmt":"2025-07-28T13:29:45","guid":{"rendered":"https:\/\/ife.ee\/?page_id=63304"},"modified":"2025-09-02T10:27:37","modified_gmt":"2025-09-02T08:27:37","slug":"scolarisation-des-eleves-francais-en-estonie","status":"publish","type":"page","link":"https:\/\/ife.ee\/fr\/scolarisation-des-eleves-francais-en-estonie\/","title":{"rendered":"Scolarisation des \u00e9l\u00e8ves fran\u00e7ais en Estonie"},"content":{"rendered":"<p>En Estonie, les enfants de famille fran\u00e7aises ou francophones sont g\u00e9n\u00e9ralements scolaris\u00e9es dans des \u00e9tablissements locaux estoniens, avec des fili\u00e8res d&#8217;enseignement en fran\u00e7ais plus ou moins d\u00e9velopp\u00e9es et\/ou scolaris\u00e9s via le CNED. L&#8217;Estonie ne dispose pas d&#8217;\u00e9tablissement scolaire du r\u00e9seau AEFE ni de sections bilingues lab\u00e9lis\u00e9es FranceEducation.&nbsp;<\/p>\n<p>&nbsp;<\/p>\n<h3>Scolarisation via le CNED<\/h3>\n<p>Le CNED, Centre National d&#8217;Enseignement \u00e0 Distance, est un dispositif pilot\u00e9 par le Minist\u00e8re de l&#8217;Education Nationale fran\u00e7ais, permettant aux \u00e9l\u00e8ves de poursuivre une scolarisation en fran\u00e7ais. Diff\u00e9rentes modalit\u00e9s permettent aux familles de choisir la formule qui correspond \u00e0 sa situation. Toutes les d\u00e9marches d&#8217;inscription doivent \u00eatre r\u00e9alis\u00e9es par la famille elle-m\u00eame <a href=\"https:\/\/www.cned.fr\/eleve\">aupr\u00e8s du CNED directement. <\/a>Les modalit\u00e9s possibles sont :&nbsp;<\/p>\n<blockquote>\n<h4>Le cours \u00e0 la carte<\/h4>\n<\/blockquote>\n<p>Il permet \u00e0 un \u00e9l\u00e8ve de d\u00e9couvrir ou d&#8217;approfondir, \u00e0 titre personnel ou en cursus scolaire, une ou plusieurs mati\u00e8res de son choix. Aucune autorisation n&#8217;est requise. Un relev\u00e9 de notes est envoy\u00e9 automatiquement \u00e0 la fin de la formation. Une attestation de suivi peut \u00eatre d\u00e9livr\u00e9e sur demande. L&#8217;inscription aux examens du brevet et du baccalaur\u00e9at est possible en candidat libre.&nbsp;<\/p>\n<blockquote>\n<h4>La scolarit\u00e9 compl\u00e9mentaire internationale<\/h4>\n<\/blockquote>\n<p>Elle s&#8217;adresse aux \u00e9l\u00e8ves fran\u00e7ais ou francophones qui sont inscrits dans un \u00e9tablissement scolaire local et qui souhaitent pr\u00e9parer une poursuite d&#8217;\u00e9tudes dans le syst\u00e8me \u00e9ducatif fran\u00e7ais, ou entretenir et d\u00e9velopper un lien avec la langue et la culture fran\u00e7aise. Cette offre est propos\u00e9e de la grande section de maternelle \u00e0 la terminale et porte sur trois disciplines fondamentales. En fin de formation, un bilan comportant les r\u00e9sultats comment\u00e9s est adress\u00e9 \u00e0 l&#8217;inscrit. Sur la foi de ce document et des r\u00e9sultats obtenus par l&#8217;\u00e9l\u00e8ve dans l&#8217;\u00e9tablissement qu&#8217;il fr\u00e9quente localement, le conseiller culturel peut \u00e9tablir une attestation d&#8217;\u00e9quivalence de niveau avec le syst\u00e8me scolaire fran\u00e7ais.&nbsp;<\/p>\n<blockquote>\n<h4>La classe compl\u00e8te&nbsp;<\/h4>\n<\/blockquote>\n<p>Elle couvre l&#8217;int\u00e9gralit\u00e9 du programme fran\u00e7ais sur une ann\u00e9e scolaire, en cursus officiel (=reglement\u00e9) ou en parcours libre. Elle est accessible de la petite section de maternelle \u00e0 la terminale et couvre l&#8217;int\u00e9gralit\u00e9 du programme officiel.&nbsp;<\/p>\n<ul>\n<li>\n<h5>Les cours en classe compl\u00e8te \u00e0 inscription r\u00e9glement\u00e9e<\/h5>\n<\/li>\n<\/ul>\n<p>L&#8217;inscription r\u00e9glement\u00e9e est soumise \u00e0 un avis favorable du conseiller culturel de l&#8217;ambassade de France en Estonie (contact info@ife.ee). Elle ouvre droit \u00e0 la d\u00e9livrance d&#8217;un certificat de scolairit\u00e9, de relev\u00e9s de notes, et d&#8217;un avis d&#8217;orientation en fin d&#8217;ann\u00e9e scolaire. Elle permet l&#8217;inscription en candidat scolaire aux examens du brevet national des coll\u00e8ges et du baccalaur\u00e9at et, pour les \u00e9l\u00e8ves de nationalit\u00e9 fran\u00e7ais, de pr\u00e9senter une demande de bourse.<\/p>\n<ul>\n<li>\n<h5>Les cours en classe compl\u00e8te \u00e0 inscription libre<\/h5>\n<\/li>\n<\/ul>\n<p>L&#8217;inscription libre n&#8217;est soumises \u00e0 aucune autorisation. Un relev\u00e9 de notes est envoy\u00e9 automatiquement \u00e0 la fin de la formation. Une attestation de suivi peut \u00eatre d\u00e9livr\u00e9e par le CNED, sur demande, en fin de formation. L&#8217;inscription au examens du brevet ou du baccalaur\u00e9at est possible en candidat libre.&nbsp;<\/p>\n<p>L&#8217;inscription individuelle au CNED se fait enti\u00e8rement sur <a href=\"https:\/\/www.cned.fr\/eleve\">le site du CNED<\/a><\/p>\n<h3>&nbsp;<\/h3>\n<h3>Etablissements estoniens publics ou priv\u00e9s<\/h3>\n<p>L&#8217;Estonie dispose d&#8217;un syst\u00e8me \u00e9ducatif performant et favorable \u00e0 la qualit\u00e9 des apprentissages et au bien-\u00eatre des apprenants. Les \u00e9tablissements publics (primaire et secondaire) sont g\u00e9n\u00e9ralement gratuits, y compris pour les \u00e9l\u00e8ves non-estoniens. Les enseignements y sont r\u00e9alis\u00e9s en estonien, ou quelques fois en anglais et certains proposent le fran\u00e7ais comme 1\u00e8re langue ou renforc\u00e9. Les \u00e9tablissements priv\u00e9s proposent une offre plus internationale et ont des frais d&#8217;inscriptions variables.&nbsp;Consultez <a href=\"https:\/\/www.hm.ee\/en\/education-research-and-youth-affairs\/general-education\/availability-international-general-education\">la page<\/a> du minist\u00e8re de l&#8217;\u00e9ducation estonien sur l&#8217;\u00e9ducation internationale pour en savoir plus.&nbsp;<\/p>\n<h4>Les jardins d&#8217;enfants &#8220;Lasteaed&#8221;&nbsp;&nbsp;<\/h4>\n<p>Les enfants r\u00e9sidents en Estonie ont acc\u00e8s aux jardins d&#8217;enfants publics qui assurent la scolarisation entre 18 mois et 7 ans, et dont l&#8217;inscription se fait d\u00e8s la naissance. Les jardins d&#8217;enfants publics sont g\u00e9r\u00e9s par les municipalit\u00e9s, dont certaines peuvent fournir des aides financi\u00e8res. Il existe \u00e9galement des jardins d&#8217;enfants priv\u00e9s, payants, et accessibles avec un d\u00e9lai moindre. A Tallinn, certaines proposent un enseignement compl\u00e8tement ou partiellement en anglais comme Kalli-kalli (international kindergarden) ou Tiki (Tallinn International kindergarden).&nbsp;<\/p>\n<h4>Etablissements publics estoniens (scolarit\u00e9 gratuite en g\u00e9n\u00e9ral)&nbsp;<\/h4>\n<p>Certains \u00e9tablissements scolaires publics estoniens proposent la langue fran\u00e7aise comme langue \u00e9trang\u00e8re en LV1 (\u00e0 partir de la 1ere classe, \u00e9quivalent CP) ou LV2 (\u00e0 partir de la 5\u00e8me classe, \u00e9quivalent de la 6\u00e8me \/ \u00e0 partir de la 10\u00e8me classe, \u00e9quivalent de la 2nde). L&#8217;ensemble des enseignements non linguistiques est dispens\u00e9 en estonien, \u00e0 quelques exceptions pr\u00e8s. Quelques \u00e9tablissements publics proposent un enseignement renforc\u00e9 de la langue fran\u00e7aise, comme par exemple Prantsuse Lutseum, Gustav Adolf g\u00fcmnaasium, Ehte humanitaarg\u00fcmnaasium, Vanalinna HaridusKolleegium \u00e0 Tallinn, S\u00fctevaka Humanitaarg\u00fcmnaasium \u00e0 Parnu, Hugo Treffner G\u00fcmnaasium ou Miina Harma G\u00fcmnaasium \u00e0 Tartu. Ce dernier propose le baccalaur\u00e9at international anglais (IB English).<\/p>\n<h4>Etablissements priv\u00e9s estoniens (frais de scolarit\u00e9 \u00e0 la charge des familles)&nbsp;<\/h4>\n<p><a href=\"https:\/\/tes.edu.ee\/\">L&#8217;Ecole europ\u00e9enne de Tallinn&nbsp;<\/a><\/p>\n<ul>\n<li>fili\u00e8re francophone en maternelle-primaire<\/li>\n<li>fran\u00e7ais renforc\u00e9 et quelques disciplines non linguistiques en fran\u00e7ais \u00e0 partir du coll\u00e8ge<\/li>\n<li>baccalaureat europ\u00e9en fran\u00e7ais ou anglais (EB French \/ EB English)<\/li>\n<\/ul>\n<p><a href=\"https:\/\/tik.edu.ee\/p\/232-dp-in-tallinn-english-college\">Coll\u00e8ge anglais de Tallinn&nbsp;<\/a><\/p>\n<ul>\n<li>enseignement en anglais \u00e0 partir de la maternelle<\/li>\n<li>baccalaur\u00e9at international anglais (IB English)<\/li>\n<li>fran\u00e7ais comme langue \u00e9trang\u00e8re dans le cadre de l&#8217;IB english (\u00e0 partir de la 11\u00e8me)<\/li>\n<\/ul>\n<p><a href=\"https:\/\/ise.edu.ee\/\">International school of Estonia<\/a><\/p>\n<ul>\n<li>enseignement en anglais \u00e0 partir de la maternelle<\/li>\n<li>baccalaur\u00e9at international anglais (IB English)<\/li>\n<li>fran\u00e7ais comme langue \u00e9trang\u00e8re dans le cadre de l&#8217;IB english (\u00e0 partir de la 11\u00e8me)<\/li>\n<\/ul>\n<p><a href=\"https:\/\/ist.ee\/\">Ecole Internationale de Tallinn<\/a><\/p>\n<ul>\n<li>enseignement en anglais \u00e0 partir de la maternelle<\/li>\n<li>baccalaur\u00e9at international anglais (IB English)<\/li>\n<li>fran\u00e7ais comme langue \u00e9trang\u00e8re dans le cadre de l&#8217;IB english (\u00e0 partir de la 7\u00e8me)<\/li>\n<\/ul>\n<p>&nbsp;<\/p>\n<h3>Correspondance du syst\u00e8me scolaire estonien<\/h3>\n<p>&nbsp;<\/p>\n<table class=\" aligncenter\" style=\"height: 168px; width: 72.1023%; border-collapse: collapse;\">\n<tbody>\n<tr style=\"height: 48px;\">\n<td style=\"width: 30.2244%; height: 48px; text-align: center;\" colspan=\"2\">Education nationale fran\u00e7aise<\/td>\n<td style=\"width: 33.3402%; height: 48px; text-align: center;\" colspan=\"2\">Syst\u00e8me scolaire estonien<\/td>\n<\/tr>\n<tr style=\"height: 10px;\">\n<td style=\"width: 17.5661%; height: 10px; text-align: center;\">CP<\/td>\n<td style=\"width: 12.6583%; height: 50px; text-align: center;\" rowspan=\"5\">\u00e9cole primaire<\/td>\n<td style=\"width: 19.7951%; height: 10px; text-align: center;\">1\u00e8re classe<\/td>\n<td style=\"width: 13.5451%; height: 90px; text-align: center;\" rowspan=\"9\">p\u00f5hikool<\/td>\n<\/tr>\n<tr style=\"height: 10px;\">\n<td style=\"width: 17.5661%; height: 10px; text-align: center;\">CE 1<\/td>\n<td style=\"width: 19.7951%; height: 10px; text-align: center;\">2\u00e8me classe<\/td>\n<\/tr>\n<tr style=\"height: 10px;\">\n<td style=\"width: 17.5661%; height: 10px; text-align: center;\">CE 2<\/td>\n<td style=\"width: 19.7951%; height: 10px; text-align: center;\">3\u00e8me classe<\/td>\n<\/tr>\n<tr style=\"height: 10px;\">\n<td style=\"width: 17.5661%; height: 10px; text-align: center;\">CM 1<\/td>\n<td style=\"width: 19.7951%; height: 10px; text-align: center;\">4\u00e8me classe<\/td>\n<\/tr>\n<tr style=\"height: 10px;\">\n<td style=\"width: 17.5661%; height: 10px; text-align: center;\">CM 2<\/td>\n<td style=\"width: 19.7951%; height: 10px; text-align: center;\">5\u00e8me classe<\/td>\n<\/tr>\n<tr style=\"height: 10px;\">\n<td style=\"width: 17.5661%; height: 10px; text-align: center;\">6\u00e8me<\/td>\n<td style=\"width: 12.6583%; height: 40px; text-align: center;\" rowspan=\"4\">coll\u00e8ge<\/td>\n<td style=\"width: 19.7951%; height: 10px; text-align: center;\">6\u00e8me classe<\/td>\n<\/tr>\n<tr style=\"height: 10px;\">\n<td style=\"width: 17.5661%; height: 10px; text-align: center;\">5\u00e8me<\/td>\n<td style=\"width: 19.7951%; height: 10px; text-align: center;\">7\u00e8me classe<\/td>\n<\/tr>\n<tr style=\"height: 10px;\">\n<td style=\"width: 17.5661%; height: 10px; text-align: center;\">4\u00e8me<\/td>\n<td style=\"width: 19.7951%; height: 10px; text-align: center;\">8\u00e8me classe<\/td>\n<\/tr>\n<tr style=\"height: 10px;\">\n<td style=\"width: 17.5661%; height: 10px; text-align: center;\">3\u00e8me<\/td>\n<td style=\"width: 19.7951%; height: 10px; text-align: center;\">9\u00e8me classe<\/td>\n<\/tr>\n<tr style=\"height: 10px;\">\n<td style=\"width: 17.5661%; height: 10px; text-align: center;\">2nde<\/td>\n<td style=\"width: 12.6583%; height: 30px; text-align: center;\" rowspan=\"3\">lyc\u00e9e<\/td>\n<td style=\"width: 19.7951%; height: 10px; text-align: center;\">10\u00e8me classe<\/td>\n<td style=\"width: 13.5451%; height: 30px; text-align: center;\" rowspan=\"3\">g\u00fcmnaasium<\/td>\n<\/tr>\n<tr style=\"height: 10px;\">\n<td style=\"width: 17.5661%; height: 10px; text-align: center;\">1\u00e8re<\/td>\n<td style=\"width: 19.7951%; height: 10px; text-align: center;\">11\u00e8me classe<\/td>\n<\/tr>\n<tr style=\"height: 10px;\">\n<td style=\"width: 17.5661%; height: 10px; text-align: center;\">Tle<\/td>\n<td style=\"width: 19.7951%; height: 10px; text-align: center;\">12\u00e8me classe<\/td>\n<\/tr>\n<\/tbody>\n<\/table>\n","protected":false},"excerpt":{"rendered":"<p>En Estonie, les enfants de famille fran\u00e7aises ou francophones sont g\u00e9n\u00e9ralements scolaris\u00e9es dans des \u00e9tablissements locaux estoniens, avec des fili\u00e8res d&#8217;enseignement en fran\u00e7ais plus ou moins d\u00e9velopp\u00e9es et\/ou scolaris\u00e9s via le CNED. L&#8217;Estonie ne dispose pas d&#8217;\u00e9tablissement scolaire du r\u00e9seau AEFE ni de sections bilingues lab\u00e9lis\u00e9es FranceEducation.&nbsp;<br \/>\n&nbsp;<br \/>\nScolarisation via le CNED<br \/>\nLe CNED, Centre National d&#8217;Enseignement \u00e0 Distance, est un dispositif pilot\u00e9 par le Minist\u00e8re de l&#8217;Education Nationale fran\u00e7ais, permettant aux \u00e9l\u00e8ves de poursuivre une scolarisation en fran\u00e7ais. Diff\u00e9rentes modalit\u00e9s permettent aux familles de choisir la formule qui correspond \u00e0 sa situation. Toutes les d\u00e9marches d&#8217;inscription doivent \u00eatre r\u00e9alis\u00e9es par la famille elle-m\u00eame aupr\u00e8s du CNED directement. Les modalit\u00e9s possibles sont :&nbsp;<\/p>\n<p>Le cours \u00e0 la carte<\/p>\n<p>Il permet \u00e0 un \u00e9l\u00e8ve de d\u00e9couvrir ou d&#8217;approfondir, \u00e0 titre personnel ou en cursus scolaire, une ou plusieurs mati\u00e8res de son choix. Aucune autorisation n&#8217;est requise. Un relev\u00e9 de notes est envoy\u00e9 automatiquement \u00e0 la fin de la formation. Une attestation de suivi peut \u00eatre d\u00e9livr\u00e9e sur demande. L&#8217;inscription aux examens du brevet et du baccalaur\u00e9at est possible en candidat libre.&nbsp;<\/p>\n<p>La scolarit\u00e9 compl\u00e9mentaire internationale<\/p>\n<p>Elle s&#8217;adresse aux \u00e9l\u00e8ves fran\u00e7ais ou francophones qui sont inscrits dans un<\/p>\n","protected":false},"author":183,"featured_media":0,"parent":0,"menu_order":0,"comment_status":"closed","ping_status":"closed","template":"","meta":{"_monsterinsights_skip_tracking":false,"_monsterinsights_sitenote_active":false,"_monsterinsights_sitenote_note":"","_monsterinsights_sitenote_category":0,"ngg_post_thumbnail":0,"footnotes":""},"class_list":["post-63304","page","type-page","status-publish","hentry"],"yoast_head":"<!-- This site is optimized with the Yoast SEO plugin v27.3 - https:\/\/yoast.com\/product\/yoast-seo-wordpress\/ -->\n<title>Scolarisation des \u00e9l\u00e8ves fran\u00e7ais en Estonie - Prantsuse Instituut Eestis<\/title>\n<meta name=\"description\" content=\"En Estonie, les enfants de famille fran\u00e7aises ou francophones sont g\u00e9n\u00e9ralements scolaris\u00e9es dans des \u00e9tablissements locaux estoniens, avec des fili\u00e8res\" \/>\n<meta name=\"robots\" content=\"index, follow, max-snippet:-1, max-image-preview:large, max-video-preview:-1\" \/>\n<link rel=\"canonical\" href=\"https:\/\/ife.ee\/fr\/langue-education__trashed\/scolarisation-des-eleves-francais-en-estonie\/\" \/>\n<meta name=\"twitter:card\" content=\"summary_large_image\" \/>\n<meta name=\"twitter:title\" content=\"Scolarisation des \u00e9l\u00e8ves fran\u00e7ais en Estonie - Prantsuse Instituut Eestis\" \/>\n<meta name=\"twitter:description\" content=\"En Estonie, les enfants de famille fran\u00e7aises ou francophones sont g\u00e9n\u00e9ralements scolaris\u00e9es dans des \u00e9tablissements locaux estoniens, avec des fili\u00e8res\" \/>\n<meta name=\"twitter:site\" content=\"@IF_Estonie\" \/>\n<meta name=\"twitter:label1\" content=\"Dur\u00e9e de lecture estim\u00e9e\" \/>\n\t<meta name=\"twitter:data1\" content=\"5 minutes\" \/>\n<script type=\"application\/ld+json\" class=\"yoast-schema-graph\">{\"@context\":\"https:\\\/\\\/schema.org\",\"@graph\":[{\"@type\":\"WebPage\",\"@id\":\"https:\\\/\\\/ife.ee\\\/fr\\\/langue-education__trashed\\\/scolarisation-des-eleves-francais-en-estonie\\\/\",\"url\":\"https:\\\/\\\/ife.ee\\\/fr\\\/langue-education__trashed\\\/scolarisation-des-eleves-francais-en-estonie\\\/\",\"name\":\"Scolarisation des \u00e9l\u00e8ves fran\u00e7ais en Estonie - Prantsuse Instituut Eestis\",\"isPartOf\":{\"@id\":\"https:\\\/\\\/ife.ee\\\/#website\"},\"datePublished\":\"2025-07-28T13:29:45+00:00\",\"dateModified\":\"2025-09-02T08:27:37+00:00\",\"description\":\"En Estonie, les enfants de famille fran\u00e7aises ou francophones sont g\u00e9n\u00e9ralements scolaris\u00e9es dans des \u00e9tablissements locaux estoniens, avec des fili\u00e8res\",\"breadcrumb\":{\"@id\":\"https:\\\/\\\/ife.ee\\\/fr\\\/langue-education__trashed\\\/scolarisation-des-eleves-francais-en-estonie\\\/#breadcrumb\"},\"inLanguage\":\"fr-FR\",\"potentialAction\":[{\"@type\":\"ReadAction\",\"target\":[\"https:\\\/\\\/ife.ee\\\/fr\\\/langue-education__trashed\\\/scolarisation-des-eleves-francais-en-estonie\\\/\"]}]},{\"@type\":\"BreadcrumbList\",\"@id\":\"https:\\\/\\\/ife.ee\\\/fr\\\/langue-education__trashed\\\/scolarisation-des-eleves-francais-en-estonie\\\/#breadcrumb\",\"itemListElement\":[{\"@type\":\"ListItem\",\"position\":1,\"name\":\"Home\",\"item\":\"https:\\\/\\\/ife.ee\\\/fr\\\/\"},{\"@type\":\"ListItem\",\"position\":2,\"name\":\"Scolarisation des \u00e9l\u00e8ves fran\u00e7ais en Estonie\"}]},{\"@type\":\"WebSite\",\"@id\":\"https:\\\/\\\/ife.ee\\\/#website\",\"url\":\"https:\\\/\\\/ife.ee\\\/\",\"name\":\"Prantsuse Instituut Eestis\",\"description\":\"ESTONIE\",\"potentialAction\":[{\"@type\":\"SearchAction\",\"target\":{\"@type\":\"EntryPoint\",\"urlTemplate\":\"https:\\\/\\\/ife.ee\\\/?s={search_term_string}\"},\"query-input\":{\"@type\":\"PropertyValueSpecification\",\"valueRequired\":true,\"valueName\":\"search_term_string\"}}],\"inLanguage\":\"fr-FR\"}]}<\/script>\n<!-- \/ Yoast SEO plugin. -->","yoast_head_json":{"title":"Scolarisation des \u00e9l\u00e8ves fran\u00e7ais en Estonie - Prantsuse Instituut Eestis","description":"En Estonie, les enfants de famille fran\u00e7aises ou francophones sont g\u00e9n\u00e9ralements scolaris\u00e9es dans des \u00e9tablissements locaux estoniens, avec des fili\u00e8res","robots":{"index":"index","follow":"follow","max-snippet":"max-snippet:-1","max-image-preview":"max-image-preview:large","max-video-preview":"max-video-preview:-1"},"canonical":"https:\/\/ife.ee\/fr\/langue-education__trashed\/scolarisation-des-eleves-francais-en-estonie\/","twitter_card":"summary_large_image","twitter_title":"Scolarisation des \u00e9l\u00e8ves fran\u00e7ais en Estonie - Prantsuse Instituut Eestis","twitter_description":"En Estonie, les enfants de famille fran\u00e7aises ou francophones sont g\u00e9n\u00e9ralements scolaris\u00e9es dans des \u00e9tablissements locaux estoniens, avec des fili\u00e8res","twitter_site":"@IF_Estonie","twitter_misc":{"Dur\u00e9e de lecture estim\u00e9e":"5 minutes"},"schema":{"@context":"https:\/\/schema.org","@graph":[{"@type":"WebPage","@id":"https:\/\/ife.ee\/fr\/langue-education__trashed\/scolarisation-des-eleves-francais-en-estonie\/","url":"https:\/\/ife.ee\/fr\/langue-education__trashed\/scolarisation-des-eleves-francais-en-estonie\/","name":"Scolarisation des \u00e9l\u00e8ves fran\u00e7ais en Estonie - Prantsuse Instituut Eestis","isPartOf":{"@id":"https:\/\/ife.ee\/#website"},"datePublished":"2025-07-28T13:29:45+00:00","dateModified":"2025-09-02T08:27:37+00:00","description":"En Estonie, les enfants de famille fran\u00e7aises ou francophones sont g\u00e9n\u00e9ralements scolaris\u00e9es dans des \u00e9tablissements locaux estoniens, avec des fili\u00e8res","breadcrumb":{"@id":"https:\/\/ife.ee\/fr\/langue-education__trashed\/scolarisation-des-eleves-francais-en-estonie\/#breadcrumb"},"inLanguage":"fr-FR","potentialAction":[{"@type":"ReadAction","target":["https:\/\/ife.ee\/fr\/langue-education__trashed\/scolarisation-des-eleves-francais-en-estonie\/"]}]},{"@type":"BreadcrumbList","@id":"https:\/\/ife.ee\/fr\/langue-education__trashed\/scolarisation-des-eleves-francais-en-estonie\/#breadcrumb","itemListElement":[{"@type":"ListItem","position":1,"name":"Home","item":"https:\/\/ife.ee\/fr\/"},{"@type":"ListItem","position":2,"name":"Scolarisation des \u00e9l\u00e8ves fran\u00e7ais en Estonie"}]},{"@type":"WebSite","@id":"https:\/\/ife.ee\/#website","url":"https:\/\/ife.ee\/","name":"Prantsuse Instituut Eestis","description":"ESTONIE","potentialAction":[{"@type":"SearchAction","target":{"@type":"EntryPoint","urlTemplate":"https:\/\/ife.ee\/?s={search_term_string}"},"query-input":{"@type":"PropertyValueSpecification","valueRequired":true,"valueName":"search_term_string"}}],"inLanguage":"fr-FR"}]}},"_links":{"self":[{"href":"https:\/\/ife.ee\/fr\/wp-json\/wp\/v2\/pages\/63304","targetHints":{"allow":["GET"]}}],"collection":[{"href":"https:\/\/ife.ee\/fr\/wp-json\/wp\/v2\/pages"}],"about":[{"href":"https:\/\/ife.ee\/fr\/wp-json\/wp\/v2\/types\/page"}],"author":[{"embeddable":true,"href":"https:\/\/ife.ee\/fr\/wp-json\/wp\/v2\/users\/183"}],"replies":[{"embeddable":true,"href":"https:\/\/ife.ee\/fr\/wp-json\/wp\/v2\/comments?post=63304"}],"version-history":[{"count":0,"href":"https:\/\/ife.ee\/fr\/wp-json\/wp\/v2\/pages\/63304\/revisions"}],"wp:attachment":[{"href":"https:\/\/ife.ee\/fr\/wp-json\/wp\/v2\/media?parent=63304"}],"curies":[{"name":"wp","href":"https:\/\/api.w.org\/{rel}","templated":true}]}}