{"id":62382,"date":"2025-04-01T11:49:47","date_gmt":"2025-04-01T09:49:47","guid":{"rendered":"https:\/\/ife.ee\/?page_id=62382"},"modified":"2025-04-01T11:51:04","modified_gmt":"2025-04-01T09:51:04","slug":"medias-francophones-en-estonie","status":"publish","type":"page","link":"https:\/\/ife.ee\/fr\/medias-francophones-en-estonie\/","title":{"rendered":"Radio et t\u00e9l\u00e9vision en fran\u00e7ais"},"content":{"rendered":"<p>En Estonie et partout dans le monde, de nombreux m\u00e9dias vous permettent gratuitement de suivre l&#8217;actualit\u00e9, vous divertir ou apprendre en langue fran\u00e7aise !<\/p>\n<p>&nbsp;<\/p>\n<hr>\n<h3>TV5 Monde<\/h3>\n<p>La&nbsp;<a href=\"https:\/\/www.tv5monde.com\/\">cha\u00eene TV5 monde<\/a> est la cha\u00eene francophone de r\u00e9f\u00e9rence dans le monde ! Que vous regardiez le direct ou les replays sur la plateforme d\u00e9di\u00e9e, vous pourrez trouver de nombreux contenus audiovisuels: journal d&#8217;actualit\u00e9, films de fiction, documentaires, s\u00e9ries, programmes jeunesse, reportages&#8230;<\/p>\n<ul style=\"list-style-type: circle;\">\n<li><a href=\"https:\/\/www.tv5monde.com\/tv\/videos\/1025-destination-francophonie\">Destination francophonie<\/a>&nbsp;est un magazine de d\u00e9couverte en fran\u00e7ais qui vous menera aux quatre coins de la plan\u00e8te.&nbsp;<\/li>\n<li><a href=\"https:\/\/www.tv5monde.com\/tv\/video\/89690-nos-terres-gourmandes-val-d-isere-les-gourmets-font-du-ski\">Les terres gourmandes<\/a>&nbsp;vous fait d\u00e9couvrir la gastronomie du terroir fran\u00e7ais&nbsp;<\/li>\n<li><a href=\"https:\/\/www.tv5monde.com\/tv\/video\/60530-la-minute-verte-transport-en-commun-sens-commun\">La minute verte<\/a>&nbsp;est un petit format sur l&#8217;environnement&nbsp;<\/li>\n<\/ul>\n<p>Mais TV5 Monde, c&#8217;est aussi un espace pour<a href=\"https:\/\/langue-francaise.tv5monde.com\/\">&nbsp;apprendre la langue fran\u00e7aise<\/a>&nbsp;! Pour d\u00e9couvrir ou s&#8217;entrainer avec le fran\u00e7ais, vous trouverez des vid\u00e9os, articles, etc mais aussi des jeux, des quiz, des dict\u00e9es et de nombreux exercices de tous les niveaux pour progresser en s&#8217;amusant.<\/p>\n<p>Pour les<a href=\"https:\/\/enseigner.tv5monde.com\/\">&nbsp;enseignants<\/a>, il existe de nombreuses fiches p\u00e9dagogiques de tous les niveaux pour utiliser les ressources de TV5 Monde avec vos \u00e9l\u00e8ves.<\/p>\n<p>&nbsp;<\/p>\n<hr>\n<h3>France24&nbsp;<\/h3>\n<p><a href=\"https:\/\/www.france24.com\/fr\/\">France24,<\/a> c&#8217;est LA cha\u00eene d&#8217;information francophone en continu ! Via les op\u00e9rateurs partenaires en Estonie ou sur internet, vous pouvez suivre toute l&#8217;actualit\u00e9 en langue fran\u00e7aise en direct ou en replay, et comprendre d&#8217;autres perspectives d&#8217;analyse sur les actualit\u00e9s. France24 pr\u00e9sente un focus important sur l&#8217;Europe et la France, mais pas seulement, Am\u00e9riques, Asie-Pacifique, Moyen-Orient et Afrique sont aussi trait\u00e9s sur la cha\u00eene. La r\u00e9daction de France 24 propose une approche fran\u00e7aise du monde et s&#8217;appuie sur un r\u00e9seau de correspondants couvrant la quasi-totalit\u00e9 des pays du globe.&nbsp;<\/p>\n<ul style=\"list-style-type: circle;\">\n<li><a href=\"https:\/\/www.france24.com\/fr\/%C3%A9missions\/vous-%C3%AAtes-ici\/\">Vous \u00eates ici &#8211; you are here&nbsp;<\/a><\/li>\n<\/ul>\n<p><em>Partez \u00e0 la d\u00e9couverte du patrimoine fran\u00e7ais&nbsp;! Du jeune apprenti \u00e0 l&#8217;artisan au savoir-faire reconnu, de l&#8217;\u00e9leveur au chef \u00e9toil\u00e9&#8230; Rencontrez ces passionn\u00e9s qui font vivre l&#8217;h\u00e9ritage fran\u00e7ais.&nbsp;<\/em><\/p>\n<ul style=\"list-style-type: circle;\">\n<li><a href=\"https:\/\/www.france24.com\/fr\/%C3%A9missions\/plan-B-%C3%A9conomie-autrement\/\">Plan B, l&#8217;\u00e9conomie autrement&nbsp;<\/a><\/li>\n<\/ul>\n<p><em>Que faire face \u00e0 la catastrophe \u00e9cologique annonc\u00e9e ? Quelles&nbsp;solutions&nbsp;pour \u00e9viter le pire ?&nbsp;Venez rencontrer celles et ceux qui inventent&nbsp;d\u2019autres fa\u00e7ons de produire et de consommer dans&nbsp;Plan B, l\u2019\u00e9conomie autrement. Le lundi&nbsp;\u00e0 11 h 45.<\/em><\/p>\n<ul style=\"list-style-type: circle;\">\n<li><a href=\"https:\/\/www.france24.com\/fr\/%C3%A9missions\/%C3%A9l%C3%A9ment-terre-le-reportage\/\">Element terre, le reportage<\/a><\/li>\n<\/ul>\n<p><em>Ouvrons les yeux sur le monde qui nous entoure&nbsp;! Avec nos reportages, nous d\u00e9poussi\u00e9rons et d\u00e9cortiquons les grands th\u00e8mes qui font l&#8217;environnement aujourd&#8217;hui. Par Alexandra Renard.<\/em><\/p>\n<p>&nbsp;<\/p>\n<hr>\n<h3>RFI, Radio France Internationale<\/h3>\n<p>Egalement une cha\u00eene du groupe France Media Monde, <a href=\"https:\/\/www.rfi.fr\/fr\/\">RFI, la radio mondiale<\/a>, diffuse mondialement en franais et en 16 autres langues, via des relais sur les cinq continents et sur internet. Gr\u00e2ce \u00e0 l&#8217;expertise de ses r\u00e9dactions et de son r\u00e9seau de correspondants, RFI vous propose des rendez-vous d&#8217;information et des magazines offrant des cl\u00e9s de compr\u00e9hension du monde. La radio mondiale r\u00e9unit pr\u00e8s de 60 millions d&#8217;auditeurs chaque semaine ! En \u00e9coutant RFI au quotidien, vous pourrez am\u00e9liorer votre compr\u00e9hension de la langue fran\u00e7ais et de l&#8217;actualit\u00e9 !<\/p>\n<ul style=\"list-style-type: circle;\">\n<li><a href=\"https:\/\/francaisfacile.rfi.fr\/fr\/podcasts\/learn-french-with-parlez-vous-paris\/\">Learn french with Parlez-vous Paris ?&nbsp;<\/a><\/li>\n<\/ul>\n<p><em>Apprenez le fran\u00e7ais en vous promenant dans les lieux les plus iconiques de Paris !&nbsp;<\/em><\/p>\n<ul style=\"list-style-type: circle;\">\n<li><a href=\"https:\/\/www.rfi.fr\/fr\/podcasts\/contes-%C3%A0-%C3%A9couter\/\">Des contes \u00e0 \u00e9couter<\/a><\/li>\n<\/ul>\n<p><em>Tous les enfants, petits et grands, voyageront aux quatre coins du monde gr\u00e2ce \u00e0 ce recueil de contes radiophoniques. Des histoires racont\u00e9es par la com\u00e9dienne \u00c9lo\u00efse Auria pour l&#8217;\u00e9mission 8&nbsp;milliards de voisins et en podcast&nbsp;: l&#8217;\u00e9cole \u00e0 la radio.&nbsp;<\/em><\/p>\n<ul style=\"list-style-type: circle;\">\n<li><a href=\"https:\/\/www.rfi.fr\/fr\/podcasts\/la-puce-%C3%A0-l-oreille\/\">La puce \u00e0 l&#8217;oreille<\/a><\/li>\n<\/ul>\n<p><em>Diffus\u00e9e dans l&#8217;\u00e9mission \u00ab De vive(s) voix&nbsp;\u00bb, pr\u00e9sent\u00e9e par&nbsp;Pascal Paradou, la chronique \u00ab La Puce \u00e0 l&#8217;oreille \u00bb fait d\u00e9couvrir la richesse des expressions de la langue fran\u00e7aise. Sur un ton dr\u00f4le et vivant, la chroniqueuse Lucie Bouteloup tend son micro \u00e0 des linguistes reconnus, mais aussi\u2026 \u00e0 des enfants !&nbsp;<\/em><\/p>\n<p>&nbsp;<\/p>\n<hr>\n<h3>RadioFrance<\/h3>\n<p>Le groupe RadioFrance rassemble les m\u00e9dias publics fran\u00e7ais, tels que FranceInfo, FranceCulture&#8230; et vous donne acc\u00e8s \u00e0 une immensit\u00e9 de contenus audio en langue fran\u00e7aise. En \u00e9coutant la diffusion sur internet ou sous forme de podcasts, explorez le catalogue proposant de nombreux th\u00e8mes. Quelques exemples :&nbsp;<\/p>\n<ul style=\"list-style-type: circle;\">\n<li><a href=\"https:\/\/www.radiofrance.fr\/podcasts\/enfants\">La s\u00e9lection de podcasts pour les enfants<\/a><\/li>\n<\/ul>\n<p><em>\u00c9coutez des podcasts et des s\u00e9ries audio en famille&nbsp;! D\u00e9couvrez une collection unique de contenus pour petits et grands&nbsp;: histoires d&#8217;aventures, \u00e9missions sur les sciences et la nature, contes et fables merveilleuses avec les belles musiques jou\u00e9es par les orchestres de Radio France.<\/em><\/p>\n<ul style=\"list-style-type: circle;\">\n<li><a href=\"https:\/\/www.radiofrance.fr\/politique\">L&#8217;actualit\u00e9 et les podcasts politiques<\/a><\/li>\n<\/ul>\n<p><em>Actualit\u00e9 et podcasts politiques, interviews des femmes et hommes politiques, \u00e9ditoriaux, d\u00e9bats et reportages sur la vie politique en France.<\/em><\/p>\n<ul style=\"list-style-type: circle;\">\n<li><a href=\"https:\/\/www.radiofrance.fr\/podcasts\/fictions\">Les fictions de Radiofrance<\/a><\/li>\n<\/ul>\n<p><em>Retrouvez tous les podcasts de fiction \u00e0 \u00e9couter. Polars, science-fiction, proc\u00e8s, th\u00e9\u00e2tre, classiques des grands auteurs, mais aussi des fictions pour les enfants&nbsp;: voici une collection unique pour vous plonger dans le monde infini de l&#8217;imaginaire.<\/em><\/p>\n<ul style=\"list-style-type: circle;\">\n<li><a href=\"https:\/\/www.radiofrance.fr\/arts-divertissements\">La s\u00e9lection &#8220;arts et divertissements&#8221;<\/a><\/li>\n<\/ul>\n<p><em>Suivez toute l&#8217;actualit\u00e9 et les nouveaut\u00e9s de la culture, des livres, des expositions, du cin\u00e9ma, du th\u00e9\u00e2tre, des s\u00e9ries TV, du design, de l&#8217;architecture&#8230;<\/em><\/p>\n","protected":false},"excerpt":{"rendered":"<p>En Estonie et partout dans le monde, de nombreux m\u00e9dias vous permettent gratuitement de suivre l&#8217;actualit\u00e9, vous divertir ou apprendre en langue fran\u00e7aise !<br \/>\n&nbsp;<\/p>\n<p>TV5 Monde<br \/>\nLa&nbsp;cha\u00eene TV5 monde est la cha\u00eene francophone de r\u00e9f\u00e9rence dans le monde ! Que vous regardiez le direct ou les replays sur la plateforme d\u00e9di\u00e9e, vous pourrez trouver de nombreux contenus audiovisuels: journal d&#8217;actualit\u00e9, films de fiction, documentaires, s\u00e9ries, programmes jeunesse, reportages&#8230;<\/p>\n<p>Destination francophonie&nbsp;est un magazine de d\u00e9couverte en fran\u00e7ais qui vous menera aux quatre coins de la plan\u00e8te.&nbsp;<br \/>\nLes terres gourmandes&nbsp;vous fait d\u00e9couvrir la gastronomie du terroir fran\u00e7ais&nbsp;<br \/>\nLa minute verte&nbsp;est un petit format sur l&#8217;environnement&nbsp;<\/p>\n<p>Mais TV5 Monde, c&#8217;est aussi un espace pour&nbsp;apprendre la langue fran\u00e7aise&nbsp;! Pour d\u00e9couvrir ou s&#8217;entrainer avec le fran\u00e7ais, vous trouverez des vid\u00e9os, articles, etc mais aussi des jeux, des quiz, des dict\u00e9es et de nombreux exercices de tous les niveaux pour progresser en s&#8217;amusant.<br \/>\nPour les&nbsp;enseignants, il existe de nombreuses fiches p\u00e9dagogiques de tous les niveaux pour utiliser les ressources de TV5 Monde avec vos \u00e9l\u00e8ves.<br \/>\n&nbsp;<\/p>\n<p>France24&nbsp;<br \/>\nFrance24, c&#8217;est LA cha\u00eene d&#8217;information francophone en continu ! Via les op\u00e9rateurs partenaires en Estonie ou sur internet, vous pouvez suivre toute l&#8217;actualit\u00e9 en<\/p>\n","protected":false},"author":183,"featured_media":62397,"parent":0,"menu_order":0,"comment_status":"closed","ping_status":"closed","template":"","meta":{"_monsterinsights_skip_tracking":false,"_monsterinsights_sitenote_active":false,"_monsterinsights_sitenote_note":"","_monsterinsights_sitenote_category":0,"ngg_post_thumbnail":0,"footnotes":""},"class_list":["post-62382","page","type-page","status-publish","has-post-thumbnail","hentry"],"yoast_head":"<!-- This site is optimized with the Yoast SEO plugin v27.3 - https:\/\/yoast.com\/product\/yoast-seo-wordpress\/ -->\n<title>Radio et t\u00e9l\u00e9vision en fran\u00e7ais - Prantsuse Instituut Eestis<\/title>\n<meta name=\"description\" content=\"En Estonie et partout dans le monde, de nombreux m\u00e9dias vous permettent gratuitement de suivre l&#039;actualit\u00e9, vous divertir ou apprendre en langue fran\u00e7aise s\u00e9lection de chaines de t\u00e9l\u00e9vision et de radio en fran\u00e7ais pour suivre l&#039;actualit\u00e9, se divertir et apprendre avec la langue fran\u00e7aise.\" \/>\n<meta name=\"robots\" content=\"index, follow, max-snippet:-1, max-image-preview:large, max-video-preview:-1\" \/>\n<link rel=\"canonical\" href=\"https:\/\/ife.ee\/fr\/langue-education__trashed\/medias-francophones-en-estonie\/\" \/>\n<meta name=\"twitter:card\" content=\"summary_large_image\" \/>\n<meta name=\"twitter:title\" content=\"Radio et t\u00e9l\u00e9vision en fran\u00e7ais - Prantsuse Instituut Eestis\" \/>\n<meta name=\"twitter:description\" content=\"En Estonie et partout dans le monde, de nombreux m\u00e9dias vous permettent gratuitement de suivre l&#039;actualit\u00e9, vous divertir ou apprendre en langue fran\u00e7aise s\u00e9lection de chaines de t\u00e9l\u00e9vision et de radio en fran\u00e7ais pour suivre l&#039;actualit\u00e9, se divertir et apprendre avec la langue fran\u00e7aise.\" \/>\n<meta name=\"twitter:image\" content=\"https:\/\/ife.ee\/wp-content\/uploads\/2025\/04\/radio-tv-etranger.jpg\" \/>\n<meta name=\"twitter:site\" content=\"@IF_Estonie\" \/>\n<meta name=\"twitter:label1\" content=\"Dur\u00e9e de lecture estim\u00e9e\" \/>\n\t<meta name=\"twitter:data1\" content=\"5 minutes\" \/>\n<script type=\"application\/ld+json\" class=\"yoast-schema-graph\">{\"@context\":\"https:\\\/\\\/schema.org\",\"@graph\":[{\"@type\":\"WebPage\",\"@id\":\"https:\\\/\\\/ife.ee\\\/fr\\\/langue-education__trashed\\\/medias-francophones-en-estonie\\\/\",\"url\":\"https:\\\/\\\/ife.ee\\\/fr\\\/langue-education__trashed\\\/medias-francophones-en-estonie\\\/\",\"name\":\"Radio et t\u00e9l\u00e9vision en fran\u00e7ais - Prantsuse Instituut Eestis\",\"isPartOf\":{\"@id\":\"https:\\\/\\\/ife.ee\\\/#website\"},\"primaryImageOfPage\":{\"@id\":\"https:\\\/\\\/ife.ee\\\/fr\\\/langue-education__trashed\\\/medias-francophones-en-estonie\\\/#primaryimage\"},\"image\":{\"@id\":\"https:\\\/\\\/ife.ee\\\/fr\\\/langue-education__trashed\\\/medias-francophones-en-estonie\\\/#primaryimage\"},\"thumbnailUrl\":\"https:\\\/\\\/ife.ee\\\/wp-content\\\/uploads\\\/2025\\\/04\\\/radio-tv-etranger.jpg\",\"datePublished\":\"2025-04-01T09:49:47+00:00\",\"dateModified\":\"2025-04-01T09:51:04+00:00\",\"description\":\"En Estonie et partout dans le monde, de nombreux m\u00e9dias vous permettent gratuitement de suivre l'actualit\u00e9, vous divertir ou apprendre en langue fran\u00e7aise s\u00e9lection de chaines de t\u00e9l\u00e9vision et de radio en fran\u00e7ais pour suivre l'actualit\u00e9, se divertir et apprendre avec la langue fran\u00e7aise.\",\"breadcrumb\":{\"@id\":\"https:\\\/\\\/ife.ee\\\/fr\\\/langue-education__trashed\\\/medias-francophones-en-estonie\\\/#breadcrumb\"},\"inLanguage\":\"fr-FR\",\"potentialAction\":[{\"@type\":\"ReadAction\",\"target\":[\"https:\\\/\\\/ife.ee\\\/fr\\\/langue-education__trashed\\\/medias-francophones-en-estonie\\\/\"]}]},{\"@type\":\"ImageObject\",\"inLanguage\":\"fr-FR\",\"@id\":\"https:\\\/\\\/ife.ee\\\/fr\\\/langue-education__trashed\\\/medias-francophones-en-estonie\\\/#primaryimage\",\"url\":\"https:\\\/\\\/ife.ee\\\/wp-content\\\/uploads\\\/2025\\\/04\\\/radio-tv-etranger.jpg\",\"contentUrl\":\"https:\\\/\\\/ife.ee\\\/wp-content\\\/uploads\\\/2025\\\/04\\\/radio-tv-etranger.jpg\",\"width\":2000,\"height\":1200},{\"@type\":\"BreadcrumbList\",\"@id\":\"https:\\\/\\\/ife.ee\\\/fr\\\/langue-education__trashed\\\/medias-francophones-en-estonie\\\/#breadcrumb\",\"itemListElement\":[{\"@type\":\"ListItem\",\"position\":1,\"name\":\"Home\",\"item\":\"https:\\\/\\\/ife.ee\\\/fr\\\/\"},{\"@type\":\"ListItem\",\"position\":2,\"name\":\"Radio et t\u00e9l\u00e9vision en fran\u00e7ais\"}]},{\"@type\":\"WebSite\",\"@id\":\"https:\\\/\\\/ife.ee\\\/#website\",\"url\":\"https:\\\/\\\/ife.ee\\\/\",\"name\":\"Prantsuse Instituut Eestis\",\"description\":\"ESTONIE\",\"potentialAction\":[{\"@type\":\"SearchAction\",\"target\":{\"@type\":\"EntryPoint\",\"urlTemplate\":\"https:\\\/\\\/ife.ee\\\/?s={search_term_string}\"},\"query-input\":{\"@type\":\"PropertyValueSpecification\",\"valueRequired\":true,\"valueName\":\"search_term_string\"}}],\"inLanguage\":\"fr-FR\"}]}<\/script>\n<!-- \/ Yoast SEO plugin. -->","yoast_head_json":{"title":"Radio et t\u00e9l\u00e9vision en fran\u00e7ais - Prantsuse Instituut Eestis","description":"En Estonie et partout dans le monde, de nombreux m\u00e9dias vous permettent gratuitement de suivre l'actualit\u00e9, vous divertir ou apprendre en langue fran\u00e7aise s\u00e9lection de chaines de t\u00e9l\u00e9vision et de radio en fran\u00e7ais pour suivre l'actualit\u00e9, se divertir et apprendre avec la langue fran\u00e7aise.","robots":{"index":"index","follow":"follow","max-snippet":"max-snippet:-1","max-image-preview":"max-image-preview:large","max-video-preview":"max-video-preview:-1"},"canonical":"https:\/\/ife.ee\/fr\/langue-education__trashed\/medias-francophones-en-estonie\/","twitter_card":"summary_large_image","twitter_title":"Radio et t\u00e9l\u00e9vision en fran\u00e7ais - Prantsuse Instituut Eestis","twitter_description":"En Estonie et partout dans le monde, de nombreux m\u00e9dias vous permettent gratuitement de suivre l'actualit\u00e9, vous divertir ou apprendre en langue fran\u00e7aise s\u00e9lection de chaines de t\u00e9l\u00e9vision et de radio en fran\u00e7ais pour suivre l'actualit\u00e9, se divertir et apprendre avec la langue fran\u00e7aise.","twitter_image":"https:\/\/ife.ee\/wp-content\/uploads\/2025\/04\/radio-tv-etranger.jpg","twitter_site":"@IF_Estonie","twitter_misc":{"Dur\u00e9e de lecture estim\u00e9e":"5 minutes"},"schema":{"@context":"https:\/\/schema.org","@graph":[{"@type":"WebPage","@id":"https:\/\/ife.ee\/fr\/langue-education__trashed\/medias-francophones-en-estonie\/","url":"https:\/\/ife.ee\/fr\/langue-education__trashed\/medias-francophones-en-estonie\/","name":"Radio et t\u00e9l\u00e9vision en fran\u00e7ais - Prantsuse Instituut Eestis","isPartOf":{"@id":"https:\/\/ife.ee\/#website"},"primaryImageOfPage":{"@id":"https:\/\/ife.ee\/fr\/langue-education__trashed\/medias-francophones-en-estonie\/#primaryimage"},"image":{"@id":"https:\/\/ife.ee\/fr\/langue-education__trashed\/medias-francophones-en-estonie\/#primaryimage"},"thumbnailUrl":"https:\/\/ife.ee\/wp-content\/uploads\/2025\/04\/radio-tv-etranger.jpg","datePublished":"2025-04-01T09:49:47+00:00","dateModified":"2025-04-01T09:51:04+00:00","description":"En Estonie et partout dans le monde, de nombreux m\u00e9dias vous permettent gratuitement de suivre l'actualit\u00e9, vous divertir ou apprendre en langue fran\u00e7aise s\u00e9lection de chaines de t\u00e9l\u00e9vision et de radio en fran\u00e7ais pour suivre l'actualit\u00e9, se divertir et apprendre avec la langue fran\u00e7aise.","breadcrumb":{"@id":"https:\/\/ife.ee\/fr\/langue-education__trashed\/medias-francophones-en-estonie\/#breadcrumb"},"inLanguage":"fr-FR","potentialAction":[{"@type":"ReadAction","target":["https:\/\/ife.ee\/fr\/langue-education__trashed\/medias-francophones-en-estonie\/"]}]},{"@type":"ImageObject","inLanguage":"fr-FR","@id":"https:\/\/ife.ee\/fr\/langue-education__trashed\/medias-francophones-en-estonie\/#primaryimage","url":"https:\/\/ife.ee\/wp-content\/uploads\/2025\/04\/radio-tv-etranger.jpg","contentUrl":"https:\/\/ife.ee\/wp-content\/uploads\/2025\/04\/radio-tv-etranger.jpg","width":2000,"height":1200},{"@type":"BreadcrumbList","@id":"https:\/\/ife.ee\/fr\/langue-education__trashed\/medias-francophones-en-estonie\/#breadcrumb","itemListElement":[{"@type":"ListItem","position":1,"name":"Home","item":"https:\/\/ife.ee\/fr\/"},{"@type":"ListItem","position":2,"name":"Radio et t\u00e9l\u00e9vision en fran\u00e7ais"}]},{"@type":"WebSite","@id":"https:\/\/ife.ee\/#website","url":"https:\/\/ife.ee\/","name":"Prantsuse Instituut Eestis","description":"ESTONIE","potentialAction":[{"@type":"SearchAction","target":{"@type":"EntryPoint","urlTemplate":"https:\/\/ife.ee\/?s={search_term_string}"},"query-input":{"@type":"PropertyValueSpecification","valueRequired":true,"valueName":"search_term_string"}}],"inLanguage":"fr-FR"}]}},"_links":{"self":[{"href":"https:\/\/ife.ee\/fr\/wp-json\/wp\/v2\/pages\/62382","targetHints":{"allow":["GET"]}}],"collection":[{"href":"https:\/\/ife.ee\/fr\/wp-json\/wp\/v2\/pages"}],"about":[{"href":"https:\/\/ife.ee\/fr\/wp-json\/wp\/v2\/types\/page"}],"author":[{"embeddable":true,"href":"https:\/\/ife.ee\/fr\/wp-json\/wp\/v2\/users\/183"}],"replies":[{"embeddable":true,"href":"https:\/\/ife.ee\/fr\/wp-json\/wp\/v2\/comments?post=62382"}],"version-history":[{"count":0,"href":"https:\/\/ife.ee\/fr\/wp-json\/wp\/v2\/pages\/62382\/revisions"}],"wp:featuredmedia":[{"embeddable":true,"href":"https:\/\/ife.ee\/fr\/wp-json\/wp\/v2\/media\/62397"}],"wp:attachment":[{"href":"https:\/\/ife.ee\/fr\/wp-json\/wp\/v2\/media?parent=62382"}],"curies":[{"name":"wp","href":"https:\/\/api.w.org\/{rel}","templated":true}]}}