{"id":42669,"date":"2020-03-30T16:39:40","date_gmt":"2020-03-30T14:39:40","guid":{"rendered":"http:\/\/www.ife.ee\/?page_id=42669"},"modified":"2020-03-30T16:41:23","modified_gmt":"2020-03-30T14:41:23","slug":"les-aides-a-la-mobilite-etudiante","status":"publish","type":"page","link":"https:\/\/ife.ee\/fr\/universite\/etudier-en-france\/les-bourses-du-gouvernement-francais\/les-aides-a-la-mobilite-etudiante\/","title":{"rendered":"Les aides \u00e0 la mobilit\u00e9 \u00e9tudiante"},"content":{"rendered":"<section class=\"wpb-content-wrapper\"><p>[vc_row][vc_column][vc_column_text]<\/p>\n<p><strong><span style=\"font-size: 20px;\">Bourses du gouvernement fran\u00e7ais ou Erasmus +, exon\u00e9rations de frais d&#8217;inscription&#8230; De nombreuses possibilit\u00e9s sont offertes aux \u00e9tudiants estoniens pour financer leurs \u00e9tudes en France. Rapide tour d&#8217;horizon.<\/span><\/strong><\/p>\n<figure id=\"attachment_42670\" aria-describedby=\"caption-attachment-42670\" style=\"width: 1440px\" class=\"wp-caption alignnone\"><img loading=\"lazy\" decoding=\"async\" class=\"size-large wp-image-42670\" src=\"https:\/\/www.ife.ee\/wp-content\/uploads\/2020\/03\/etudiante-heureuse-credit-freepik-1440x961.jpg\" alt=\"\" width=\"1440\" height=\"961\" srcset=\"https:\/\/ife.ee\/wp-content\/uploads\/2020\/03\/etudiante-heureuse-credit-freepik-1440x961.jpg 1440w, https:\/\/ife.ee\/wp-content\/uploads\/2020\/03\/etudiante-heureuse-credit-freepik-300x200.jpg 300w, https:\/\/ife.ee\/wp-content\/uploads\/2020\/03\/etudiante-heureuse-credit-freepik-768x513.jpg 768w, https:\/\/ife.ee\/wp-content\/uploads\/2020\/03\/etudiante-heureuse-credit-freepik-600x401.jpg 600w, https:\/\/ife.ee\/wp-content\/uploads\/2020\/03\/etudiante-heureuse-credit-freepik-1536x1025.jpg 1536w, https:\/\/ife.ee\/wp-content\/uploads\/2020\/03\/etudiante-heureuse-credit-freepik-2048x1367.jpg 2048w, https:\/\/ife.ee\/wp-content\/uploads\/2020\/03\/etudiante-heureuse-credit-freepik-1320x881.jpg 1320w\" sizes=\"auto, (max-width: 1440px) 100vw, 1440px\" \/><figcaption id=\"caption-attachment-42670\" class=\"wp-caption-text\">@ Freepik<\/figcaption><\/figure>\n<p>&nbsp;<\/p>\n<h3>Les Bourses du Gouvernement Fran\u00e7ais (BGF)<\/h3>\n<p>Les institutions publiques fran\u00e7aises et le programme Erasmus+ offrent de nombreuses bourses aux \u00e9tudiants \u00e9trangers pour les aider \u00e0 financer leurs \u00e9tudes en France et en Europe.<\/p>\n<p>Vous y trouverez \u00e9galement <strong>toutes les aides financi\u00e8res<\/strong> pour vous aider dans votre projet :<\/p>\n<ul>\n<li><a href=\"https:\/\/campusbourses.campusfrance.org\/fria\/bourse\/#\/catalog\">un annuaire de plusieurs centaines de bourses<\/a> (de l\u2019Etat, de r\u00e9gions, de fondations, d\u2019\u00e9coles\u2026) ;<\/li>\n<li><a href=\"https:\/\/doctorat.campusfrance.org\/phd\/offers\">un catalogue des offres de doctorat<\/a> mis \u00e0 jour chaque semaine.<\/li>\n<\/ul>\n<p>&nbsp;<\/p>\n<p>[\/vc_column_text][\/vc_column][\/vc_row]<\/p>\n<\/section>","protected":false},"excerpt":{"rendered":"<p>[vc_row][vc_column][vc_column_text]<br \/>\nBourses du gouvernement fran\u00e7ais ou Erasmus +, exon\u00e9rations de frais d&#8217;inscription&#8230; De nombreuses possibilit\u00e9s sont offertes aux \u00e9tudiants estoniens pour financer leurs \u00e9tudes en France. Rapide tour d&#8217;horizon.<br \/>\n&nbsp;<br \/>\nLes Bourses du Gouvernement Fran\u00e7ais (BGF)<br \/>\nLes institutions publiques fran\u00e7aises et le programme Erasmus+ offrent de nombreuses bourses aux \u00e9tudiants \u00e9trangers pour les aider \u00e0 financer leurs \u00e9tudes en France et en Europe.<br \/>\nVous y trouverez \u00e9galement toutes les aides financi\u00e8res pour vous aider dans votre projet :<\/p>\n<p>un annuaire de plusieurs centaines de bourses (de l\u2019Etat, de r\u00e9gions, de fondations, d\u2019\u00e9coles\u2026) ;<br \/>\nun catalogue des offres de doctorat mis \u00e0 jour chaque semaine.<\/p>\n<p>&nbsp;<br \/>\n[\/vc_column_text][\/vc_column][\/vc_row]<\/p>\n","protected":false},"author":1,"featured_media":0,"parent":13241,"menu_order":1,"comment_status":"closed","ping_status":"closed","template":"","meta":{"_monsterinsights_skip_tracking":false,"_monsterinsights_sitenote_active":false,"_monsterinsights_sitenote_note":"","_monsterinsights_sitenote_category":0,"ngg_post_thumbnail":0,"footnotes":""},"class_list":["post-42669","page","type-page","status-publish","hentry"],"yoast_head":"<!-- This site is optimized with the Yoast SEO plugin v27.5 - https:\/\/yoast.com\/product\/yoast-seo-wordpress\/ -->\n<title>Les aides \u00e0 la mobilit\u00e9 \u00e9tudiante - Prantsuse Instituut Eestis<\/title>\n<meta name=\"description\" content=\"Bourses du gouvernement fran\u00e7ais ou Erasmus +, exon\u00e9rations de frais d&#039;inscription... De nombreuses possibilit\u00e9s sont offertes aux \u00e9tudiants estoniens\" \/>\n<meta name=\"robots\" content=\"index, follow, max-snippet:-1, max-image-preview:large, max-video-preview:-1\" \/>\n<link rel=\"canonical\" href=\"https:\/\/ife.ee\/fr\/universite\/etudier-en-france\/les-bourses-du-gouvernement-francais\/les-aides-a-la-mobilite-etudiante\/\" \/>\n<meta name=\"twitter:card\" content=\"summary_large_image\" \/>\n<meta name=\"twitter:title\" content=\"Les aides \u00e0 la mobilit\u00e9 \u00e9tudiante - Prantsuse Instituut Eestis\" \/>\n<meta name=\"twitter:description\" content=\"Bourses du gouvernement fran\u00e7ais ou Erasmus +, exon\u00e9rations de frais d&#039;inscription... De nombreuses possibilit\u00e9s sont offertes aux \u00e9tudiants estoniens\" \/>\n<meta name=\"twitter:image\" content=\"https:\/\/www.ife.ee\/wp-content\/uploads\/2020\/03\/etudiante-heureuse-credit-freepik-1440x961.jpg\" \/>\n<meta name=\"twitter:site\" content=\"@IF_Estonie\" \/>\n<meta name=\"twitter:label1\" content=\"Dur\u00e9e de lecture estim\u00e9e\" \/>\n\t<meta name=\"twitter:data1\" content=\"1 minute\" \/>\n<script type=\"application\/ld+json\" class=\"yoast-schema-graph\">{\"@context\":\"https:\\\/\\\/schema.org\",\"@graph\":[{\"@type\":\"WebPage\",\"@id\":\"https:\\\/\\\/ife.ee\\\/fr\\\/universite\\\/etudier-en-france\\\/les-bourses-du-gouvernement-francais\\\/les-aides-a-la-mobilite-etudiante\\\/\",\"url\":\"https:\\\/\\\/ife.ee\\\/fr\\\/universite\\\/etudier-en-france\\\/les-bourses-du-gouvernement-francais\\\/les-aides-a-la-mobilite-etudiante\\\/\",\"name\":\"Les aides \u00e0 la mobilit\u00e9 \u00e9tudiante - Prantsuse Instituut Eestis\",\"isPartOf\":{\"@id\":\"https:\\\/\\\/ife.ee\\\/#website\"},\"primaryImageOfPage\":{\"@id\":\"https:\\\/\\\/ife.ee\\\/fr\\\/universite\\\/etudier-en-france\\\/les-bourses-du-gouvernement-francais\\\/les-aides-a-la-mobilite-etudiante\\\/#primaryimage\"},\"image\":{\"@id\":\"https:\\\/\\\/ife.ee\\\/fr\\\/universite\\\/etudier-en-france\\\/les-bourses-du-gouvernement-francais\\\/les-aides-a-la-mobilite-etudiante\\\/#primaryimage\"},\"thumbnailUrl\":\"https:\\\/\\\/www.ife.ee\\\/wp-content\\\/uploads\\\/2020\\\/03\\\/etudiante-heureuse-credit-freepik-1440x961.jpg\",\"datePublished\":\"2020-03-30T14:39:40+00:00\",\"dateModified\":\"2020-03-30T14:41:23+00:00\",\"description\":\"Bourses du gouvernement fran\u00e7ais ou Erasmus +, exon\u00e9rations de frais d'inscription... De nombreuses possibilit\u00e9s sont offertes aux \u00e9tudiants estoniens\",\"breadcrumb\":{\"@id\":\"https:\\\/\\\/ife.ee\\\/fr\\\/universite\\\/etudier-en-france\\\/les-bourses-du-gouvernement-francais\\\/les-aides-a-la-mobilite-etudiante\\\/#breadcrumb\"},\"inLanguage\":\"fr-FR\",\"potentialAction\":[{\"@type\":\"ReadAction\",\"target\":[\"https:\\\/\\\/ife.ee\\\/fr\\\/universite\\\/etudier-en-france\\\/les-bourses-du-gouvernement-francais\\\/les-aides-a-la-mobilite-etudiante\\\/\"]}]},{\"@type\":\"ImageObject\",\"inLanguage\":\"fr-FR\",\"@id\":\"https:\\\/\\\/ife.ee\\\/fr\\\/universite\\\/etudier-en-france\\\/les-bourses-du-gouvernement-francais\\\/les-aides-a-la-mobilite-etudiante\\\/#primaryimage\",\"url\":\"https:\\\/\\\/www.ife.ee\\\/wp-content\\\/uploads\\\/2020\\\/03\\\/etudiante-heureuse-credit-freepik-1440x961.jpg\",\"contentUrl\":\"https:\\\/\\\/www.ife.ee\\\/wp-content\\\/uploads\\\/2020\\\/03\\\/etudiante-heureuse-credit-freepik-1440x961.jpg\"},{\"@type\":\"BreadcrumbList\",\"@id\":\"https:\\\/\\\/ife.ee\\\/fr\\\/universite\\\/etudier-en-france\\\/les-bourses-du-gouvernement-francais\\\/les-aides-a-la-mobilite-etudiante\\\/#breadcrumb\",\"itemListElement\":[{\"@type\":\"ListItem\",\"position\":1,\"name\":\"Home\",\"item\":\"https:\\\/\\\/ife.ee\\\/fr\\\/\"},{\"@type\":\"ListItem\",\"position\":2,\"name\":\"Universit\u00e9\",\"item\":\"https:\\\/\\\/ife.ee\\\/fr\\\/universite\\\/\"},{\"@type\":\"ListItem\",\"position\":3,\"name\":\"Etudier en France\",\"item\":\"https:\\\/\\\/ife.ee\\\/fr\\\/universite\\\/etudier-en-france\\\/\"},{\"@type\":\"ListItem\",\"position\":4,\"name\":\"Les Bourses du Gouvernement Fran\u00e7ais\",\"item\":\"https:\\\/\\\/ife.ee\\\/fr\\\/universite\\\/etudier-en-france\\\/les-bourses-du-gouvernement-francais\\\/\"},{\"@type\":\"ListItem\",\"position\":5,\"name\":\"Les aides \u00e0 la mobilit\u00e9 \u00e9tudiante\"}]},{\"@type\":\"WebSite\",\"@id\":\"https:\\\/\\\/ife.ee\\\/#website\",\"url\":\"https:\\\/\\\/ife.ee\\\/\",\"name\":\"Prantsuse Instituut Eestis\",\"description\":\"ESTONIE\",\"potentialAction\":[{\"@type\":\"SearchAction\",\"target\":{\"@type\":\"EntryPoint\",\"urlTemplate\":\"https:\\\/\\\/ife.ee\\\/?s={search_term_string}\"},\"query-input\":{\"@type\":\"PropertyValueSpecification\",\"valueRequired\":true,\"valueName\":\"search_term_string\"}}],\"inLanguage\":\"fr-FR\"}]}<\/script>\n<!-- \/ Yoast SEO plugin. -->","yoast_head_json":{"title":"Les aides \u00e0 la mobilit\u00e9 \u00e9tudiante - Prantsuse Instituut Eestis","description":"Bourses du gouvernement fran\u00e7ais ou Erasmus +, exon\u00e9rations de frais d'inscription... De nombreuses possibilit\u00e9s sont offertes aux \u00e9tudiants estoniens","robots":{"index":"index","follow":"follow","max-snippet":"max-snippet:-1","max-image-preview":"max-image-preview:large","max-video-preview":"max-video-preview:-1"},"canonical":"https:\/\/ife.ee\/fr\/universite\/etudier-en-france\/les-bourses-du-gouvernement-francais\/les-aides-a-la-mobilite-etudiante\/","twitter_card":"summary_large_image","twitter_title":"Les aides \u00e0 la mobilit\u00e9 \u00e9tudiante - Prantsuse Instituut Eestis","twitter_description":"Bourses du gouvernement fran\u00e7ais ou Erasmus +, exon\u00e9rations de frais d'inscription... De nombreuses possibilit\u00e9s sont offertes aux \u00e9tudiants estoniens","twitter_image":"https:\/\/www.ife.ee\/wp-content\/uploads\/2020\/03\/etudiante-heureuse-credit-freepik-1440x961.jpg","twitter_site":"@IF_Estonie","twitter_misc":{"Dur\u00e9e de lecture estim\u00e9e":"1 minute"},"schema":{"@context":"https:\/\/schema.org","@graph":[{"@type":"WebPage","@id":"https:\/\/ife.ee\/fr\/universite\/etudier-en-france\/les-bourses-du-gouvernement-francais\/les-aides-a-la-mobilite-etudiante\/","url":"https:\/\/ife.ee\/fr\/universite\/etudier-en-france\/les-bourses-du-gouvernement-francais\/les-aides-a-la-mobilite-etudiante\/","name":"Les aides \u00e0 la mobilit\u00e9 \u00e9tudiante - Prantsuse Instituut Eestis","isPartOf":{"@id":"https:\/\/ife.ee\/#website"},"primaryImageOfPage":{"@id":"https:\/\/ife.ee\/fr\/universite\/etudier-en-france\/les-bourses-du-gouvernement-francais\/les-aides-a-la-mobilite-etudiante\/#primaryimage"},"image":{"@id":"https:\/\/ife.ee\/fr\/universite\/etudier-en-france\/les-bourses-du-gouvernement-francais\/les-aides-a-la-mobilite-etudiante\/#primaryimage"},"thumbnailUrl":"https:\/\/www.ife.ee\/wp-content\/uploads\/2020\/03\/etudiante-heureuse-credit-freepik-1440x961.jpg","datePublished":"2020-03-30T14:39:40+00:00","dateModified":"2020-03-30T14:41:23+00:00","description":"Bourses du gouvernement fran\u00e7ais ou Erasmus +, exon\u00e9rations de frais d'inscription... De nombreuses possibilit\u00e9s sont offertes aux \u00e9tudiants estoniens","breadcrumb":{"@id":"https:\/\/ife.ee\/fr\/universite\/etudier-en-france\/les-bourses-du-gouvernement-francais\/les-aides-a-la-mobilite-etudiante\/#breadcrumb"},"inLanguage":"fr-FR","potentialAction":[{"@type":"ReadAction","target":["https:\/\/ife.ee\/fr\/universite\/etudier-en-france\/les-bourses-du-gouvernement-francais\/les-aides-a-la-mobilite-etudiante\/"]}]},{"@type":"ImageObject","inLanguage":"fr-FR","@id":"https:\/\/ife.ee\/fr\/universite\/etudier-en-france\/les-bourses-du-gouvernement-francais\/les-aides-a-la-mobilite-etudiante\/#primaryimage","url":"https:\/\/www.ife.ee\/wp-content\/uploads\/2020\/03\/etudiante-heureuse-credit-freepik-1440x961.jpg","contentUrl":"https:\/\/www.ife.ee\/wp-content\/uploads\/2020\/03\/etudiante-heureuse-credit-freepik-1440x961.jpg"},{"@type":"BreadcrumbList","@id":"https:\/\/ife.ee\/fr\/universite\/etudier-en-france\/les-bourses-du-gouvernement-francais\/les-aides-a-la-mobilite-etudiante\/#breadcrumb","itemListElement":[{"@type":"ListItem","position":1,"name":"Home","item":"https:\/\/ife.ee\/fr\/"},{"@type":"ListItem","position":2,"name":"Universit\u00e9","item":"https:\/\/ife.ee\/fr\/universite\/"},{"@type":"ListItem","position":3,"name":"Etudier en France","item":"https:\/\/ife.ee\/fr\/universite\/etudier-en-france\/"},{"@type":"ListItem","position":4,"name":"Les Bourses du Gouvernement Fran\u00e7ais","item":"https:\/\/ife.ee\/fr\/universite\/etudier-en-france\/les-bourses-du-gouvernement-francais\/"},{"@type":"ListItem","position":5,"name":"Les aides \u00e0 la mobilit\u00e9 \u00e9tudiante"}]},{"@type":"WebSite","@id":"https:\/\/ife.ee\/#website","url":"https:\/\/ife.ee\/","name":"Prantsuse Instituut Eestis","description":"ESTONIE","potentialAction":[{"@type":"SearchAction","target":{"@type":"EntryPoint","urlTemplate":"https:\/\/ife.ee\/?s={search_term_string}"},"query-input":{"@type":"PropertyValueSpecification","valueRequired":true,"valueName":"search_term_string"}}],"inLanguage":"fr-FR"}]}},"_links":{"self":[{"href":"https:\/\/ife.ee\/fr\/wp-json\/wp\/v2\/pages\/42669","targetHints":{"allow":["GET"]}}],"collection":[{"href":"https:\/\/ife.ee\/fr\/wp-json\/wp\/v2\/pages"}],"about":[{"href":"https:\/\/ife.ee\/fr\/wp-json\/wp\/v2\/types\/page"}],"author":[{"embeddable":true,"href":"https:\/\/ife.ee\/fr\/wp-json\/wp\/v2\/users\/1"}],"replies":[{"embeddable":true,"href":"https:\/\/ife.ee\/fr\/wp-json\/wp\/v2\/comments?post=42669"}],"version-history":[{"count":0,"href":"https:\/\/ife.ee\/fr\/wp-json\/wp\/v2\/pages\/42669\/revisions"}],"up":[{"embeddable":true,"href":"https:\/\/ife.ee\/fr\/wp-json\/wp\/v2\/pages\/13241"}],"wp:attachment":[{"href":"https:\/\/ife.ee\/fr\/wp-json\/wp\/v2\/media?parent=42669"}],"curies":[{"name":"wp","href":"https:\/\/api.w.org\/{rel}","templated":true}]}}