{"id":13442,"date":"2017-03-25T12:18:53","date_gmt":"2017-03-25T10:18:53","guid":{"rendered":"http:\/\/ife.taavikybar.com\/fr\/cours\/opituba\/"},"modified":"2026-04-01T17:09:32","modified_gmt":"2026-04-01T15:09:32","slug":"ateliers","status":"publish","type":"page","link":"https:\/\/ife.ee\/fr\/cours\/ateliers\/","title":{"rendered":"Ateliers"},"content":{"rendered":"<p><span style=\"font-size: 14px;\">Approfondissez un aspect particulier de la langue fran\u00e7aise (conversation, phon\u00e9tique, lexique, expression \u00e9crite, examen, \u2026), d\u00e9couvrez la culture fran\u00e7aise ou laissez votre cr\u00e9ativit\u00e9 s&#8217;exprimer. Une formule all\u00e9g\u00e9e et conviviale r\u00e9pondant \u00e0 vos besoins !<\/span><\/p>\n<p><span style=\"font-size: 14px;\">Formule parfaite pour compl\u00e9ter un cours en groupe. Recette du cours : Convivialit\u00e9, sp\u00e9cificit\u00e9 et cr\u00e9ativit\u00e9 !<\/span><\/p>\n<p><a href=\"https:\/\/estonie.extranet-aec.com\/classes\/view_list\/?classificationIds=1&amp;subjectIds=4&amp;language=fr_FR\">Ateliers Enfants<\/a><\/p>\n<p><span style=\"font-size: 14px;\"><em>D\u00e9couverte de la langue et des traditions fran\u00e7aises (carnaval, p\u00e2ques etc)&nbsp;<\/em><\/span><\/p>\n<p><a href=\"https:\/\/estonie.extranet-aec.com\/classes\/view_list\/?classificationIds=2&amp;subjectIds=4&amp;language=fr_FR\">Ateliers Adolescents<\/a><\/p>\n<p><em><span style=\"font-size: 14px;\">Ateliers ludiques pour les jeunes pendant les vacances scolaires (cuisine, arts, num\u00e9rique&#8230;)<\/span><\/em><\/p>\n<p><a href=\"https:\/\/estonie.extranet-aec.com\/classes\/view_list\/?classificationIds=3&amp;subjectIds=4&amp;language=fr_FR\">Ateliers Adultes&nbsp;<\/a><\/p>\n<p><span style=\"font-size: 14px;\"><em>Ateliers de conversation en petits groupes, pr\u00e9sentation ou pr\u00e9paration aux examens DELF-DALF etc&nbsp;<\/em><\/span><\/p>\n<p>&nbsp;<\/p>\n<p style=\"text-align: center;\"><a href=\"https:\/\/estonie.extranet-aec.com\/extranet\/#\/\">&gt;&gt; catalogue de cours complet &lt;&lt;<\/a><\/p>\n","protected":false},"excerpt":{"rendered":"<p>Approfondissez un aspect particulier de la langue fran\u00e7aise (conversation, phon\u00e9tique, lexique, expression \u00e9crite, examen, \u2026), d\u00e9couvrez la culture fran\u00e7aise ou laissez votre cr\u00e9ativit\u00e9 s&#8217;exprimer. Une formule all\u00e9g\u00e9e et conviviale r\u00e9pondant \u00e0 vos besoins !<br \/>\nFormule parfaite pour compl\u00e9ter un cours en groupe. Recette du cours : Convivialit\u00e9, sp\u00e9cificit\u00e9 et cr\u00e9ativit\u00e9 !<br \/>\nAteliers Enfants<br \/>\nD\u00e9couverte de la langue et des traditions fran\u00e7aises (carnaval, p\u00e2ques etc)&nbsp;<br \/>\nAteliers Adolescents<br \/>\nAteliers ludiques pour les jeunes pendant les vacances scolaires (cuisine, arts, num\u00e9rique&#8230;)<br \/>\nAteliers Adultes&nbsp;<br \/>\nAteliers de conversation en petits groupes, pr\u00e9sentation ou pr\u00e9paration aux examens DELF-DALF etc&nbsp;<br \/>\n&nbsp;<br \/>\n&gt;&gt; catalogue de cours complet &lt;&lt;<\/p>\n","protected":false},"author":1,"featured_media":15868,"parent":12277,"menu_order":0,"comment_status":"closed","ping_status":"closed","template":"","meta":{"_monsterinsights_skip_tracking":false,"_monsterinsights_sitenote_active":false,"_monsterinsights_sitenote_note":"","_monsterinsights_sitenote_category":0,"ngg_post_thumbnail":0,"footnotes":""},"class_list":["post-13442","page","type-page","status-publish","has-post-thumbnail","hentry"],"yoast_head":"<!-- This site is optimized with the Yoast SEO plugin v27.3 - https:\/\/yoast.com\/product\/yoast-seo-wordpress\/ -->\n<title>Ateliers - Prantsuse Instituut Eestis<\/title>\n<meta name=\"description\" content=\"Approfondissez un aspect particulier de la langue fran\u00e7aise (conversation, phon\u00e9tique, lexique, expression \u00e9crite, examen, \u2026), d\u00e9couvrez la culture\" \/>\n<meta name=\"robots\" content=\"index, follow, max-snippet:-1, max-image-preview:large, max-video-preview:-1\" \/>\n<link rel=\"canonical\" href=\"https:\/\/ife.ee\/fr\/cours\/ateliers\/\" \/>\n<meta name=\"twitter:card\" content=\"summary_large_image\" \/>\n<meta name=\"twitter:title\" content=\"Ateliers - Prantsuse Instituut Eestis\" \/>\n<meta name=\"twitter:description\" content=\"Approfondissez un aspect particulier de la langue fran\u00e7aise (conversation, phon\u00e9tique, lexique, expression \u00e9crite, examen, \u2026), d\u00e9couvrez la culture\" \/>\n<meta name=\"twitter:image\" content=\"https:\/\/ife.ee\/wp-content\/uploads\/2016\/09\/apprendre-francais.jpg\" \/>\n<meta name=\"twitter:site\" content=\"@IF_Estonie\" \/>\n<meta name=\"twitter:label1\" content=\"Dur\u00e9e de lecture estim\u00e9e\" \/>\n\t<meta name=\"twitter:data1\" content=\"1 minute\" \/>\n<script type=\"application\/ld+json\" class=\"yoast-schema-graph\">{\"@context\":\"https:\\\/\\\/schema.org\",\"@graph\":[{\"@type\":\"WebPage\",\"@id\":\"https:\\\/\\\/ife.ee\\\/fr\\\/cours\\\/ateliers\\\/\",\"url\":\"https:\\\/\\\/ife.ee\\\/fr\\\/cours\\\/ateliers\\\/\",\"name\":\"Ateliers - Prantsuse Instituut Eestis\",\"isPartOf\":{\"@id\":\"https:\\\/\\\/ife.ee\\\/#website\"},\"primaryImageOfPage\":{\"@id\":\"https:\\\/\\\/ife.ee\\\/fr\\\/cours\\\/ateliers\\\/#primaryimage\"},\"image\":{\"@id\":\"https:\\\/\\\/ife.ee\\\/fr\\\/cours\\\/ateliers\\\/#primaryimage\"},\"thumbnailUrl\":\"https:\\\/\\\/ife.ee\\\/wp-content\\\/uploads\\\/2016\\\/09\\\/apprendre-francais.jpg\",\"datePublished\":\"2017-03-25T10:18:53+00:00\",\"dateModified\":\"2026-04-01T15:09:32+00:00\",\"description\":\"Approfondissez un aspect particulier de la langue fran\u00e7aise (conversation, phon\u00e9tique, lexique, expression \u00e9crite, examen, \u2026), d\u00e9couvrez la culture\",\"breadcrumb\":{\"@id\":\"https:\\\/\\\/ife.ee\\\/fr\\\/cours\\\/ateliers\\\/#breadcrumb\"},\"inLanguage\":\"fr-FR\",\"potentialAction\":[{\"@type\":\"ReadAction\",\"target\":[\"https:\\\/\\\/ife.ee\\\/fr\\\/cours\\\/ateliers\\\/\"]}]},{\"@type\":\"ImageObject\",\"inLanguage\":\"fr-FR\",\"@id\":\"https:\\\/\\\/ife.ee\\\/fr\\\/cours\\\/ateliers\\\/#primaryimage\",\"url\":\"https:\\\/\\\/ife.ee\\\/wp-content\\\/uploads\\\/2016\\\/09\\\/apprendre-francais.jpg\",\"contentUrl\":\"https:\\\/\\\/ife.ee\\\/wp-content\\\/uploads\\\/2016\\\/09\\\/apprendre-francais.jpg\",\"width\":2000,\"height\":750,\"caption\":\"apprendre-francais\"},{\"@type\":\"BreadcrumbList\",\"@id\":\"https:\\\/\\\/ife.ee\\\/fr\\\/cours\\\/ateliers\\\/#breadcrumb\",\"itemListElement\":[{\"@type\":\"ListItem\",\"position\":1,\"name\":\"Home\",\"item\":\"https:\\\/\\\/ife.ee\\\/fr\\\/\"},{\"@type\":\"ListItem\",\"position\":2,\"name\":\"Cours de fran\u00e7ais\",\"item\":\"https:\\\/\\\/ife.ee\\\/fr\\\/cours\\\/\"},{\"@type\":\"ListItem\",\"position\":3,\"name\":\"Ateliers\"}]},{\"@type\":\"WebSite\",\"@id\":\"https:\\\/\\\/ife.ee\\\/#website\",\"url\":\"https:\\\/\\\/ife.ee\\\/\",\"name\":\"Prantsuse Instituut Eestis\",\"description\":\"ESTONIE\",\"potentialAction\":[{\"@type\":\"SearchAction\",\"target\":{\"@type\":\"EntryPoint\",\"urlTemplate\":\"https:\\\/\\\/ife.ee\\\/?s={search_term_string}\"},\"query-input\":{\"@type\":\"PropertyValueSpecification\",\"valueRequired\":true,\"valueName\":\"search_term_string\"}}],\"inLanguage\":\"fr-FR\"}]}<\/script>\n<!-- \/ Yoast SEO plugin. -->","yoast_head_json":{"title":"Ateliers - Prantsuse Instituut Eestis","description":"Approfondissez un aspect particulier de la langue fran\u00e7aise (conversation, phon\u00e9tique, lexique, expression \u00e9crite, examen, \u2026), d\u00e9couvrez la culture","robots":{"index":"index","follow":"follow","max-snippet":"max-snippet:-1","max-image-preview":"max-image-preview:large","max-video-preview":"max-video-preview:-1"},"canonical":"https:\/\/ife.ee\/fr\/cours\/ateliers\/","twitter_card":"summary_large_image","twitter_title":"Ateliers - Prantsuse Instituut Eestis","twitter_description":"Approfondissez un aspect particulier de la langue fran\u00e7aise (conversation, phon\u00e9tique, lexique, expression \u00e9crite, examen, \u2026), d\u00e9couvrez la culture","twitter_image":"https:\/\/ife.ee\/wp-content\/uploads\/2016\/09\/apprendre-francais.jpg","twitter_site":"@IF_Estonie","twitter_misc":{"Dur\u00e9e de lecture estim\u00e9e":"1 minute"},"schema":{"@context":"https:\/\/schema.org","@graph":[{"@type":"WebPage","@id":"https:\/\/ife.ee\/fr\/cours\/ateliers\/","url":"https:\/\/ife.ee\/fr\/cours\/ateliers\/","name":"Ateliers - Prantsuse Instituut Eestis","isPartOf":{"@id":"https:\/\/ife.ee\/#website"},"primaryImageOfPage":{"@id":"https:\/\/ife.ee\/fr\/cours\/ateliers\/#primaryimage"},"image":{"@id":"https:\/\/ife.ee\/fr\/cours\/ateliers\/#primaryimage"},"thumbnailUrl":"https:\/\/ife.ee\/wp-content\/uploads\/2016\/09\/apprendre-francais.jpg","datePublished":"2017-03-25T10:18:53+00:00","dateModified":"2026-04-01T15:09:32+00:00","description":"Approfondissez un aspect particulier de la langue fran\u00e7aise (conversation, phon\u00e9tique, lexique, expression \u00e9crite, examen, \u2026), d\u00e9couvrez la culture","breadcrumb":{"@id":"https:\/\/ife.ee\/fr\/cours\/ateliers\/#breadcrumb"},"inLanguage":"fr-FR","potentialAction":[{"@type":"ReadAction","target":["https:\/\/ife.ee\/fr\/cours\/ateliers\/"]}]},{"@type":"ImageObject","inLanguage":"fr-FR","@id":"https:\/\/ife.ee\/fr\/cours\/ateliers\/#primaryimage","url":"https:\/\/ife.ee\/wp-content\/uploads\/2016\/09\/apprendre-francais.jpg","contentUrl":"https:\/\/ife.ee\/wp-content\/uploads\/2016\/09\/apprendre-francais.jpg","width":2000,"height":750,"caption":"apprendre-francais"},{"@type":"BreadcrumbList","@id":"https:\/\/ife.ee\/fr\/cours\/ateliers\/#breadcrumb","itemListElement":[{"@type":"ListItem","position":1,"name":"Home","item":"https:\/\/ife.ee\/fr\/"},{"@type":"ListItem","position":2,"name":"Cours de fran\u00e7ais","item":"https:\/\/ife.ee\/fr\/cours\/"},{"@type":"ListItem","position":3,"name":"Ateliers"}]},{"@type":"WebSite","@id":"https:\/\/ife.ee\/#website","url":"https:\/\/ife.ee\/","name":"Prantsuse Instituut Eestis","description":"ESTONIE","potentialAction":[{"@type":"SearchAction","target":{"@type":"EntryPoint","urlTemplate":"https:\/\/ife.ee\/?s={search_term_string}"},"query-input":{"@type":"PropertyValueSpecification","valueRequired":true,"valueName":"search_term_string"}}],"inLanguage":"fr-FR"}]}},"_links":{"self":[{"href":"https:\/\/ife.ee\/fr\/wp-json\/wp\/v2\/pages\/13442","targetHints":{"allow":["GET"]}}],"collection":[{"href":"https:\/\/ife.ee\/fr\/wp-json\/wp\/v2\/pages"}],"about":[{"href":"https:\/\/ife.ee\/fr\/wp-json\/wp\/v2\/types\/page"}],"author":[{"embeddable":true,"href":"https:\/\/ife.ee\/fr\/wp-json\/wp\/v2\/users\/1"}],"replies":[{"embeddable":true,"href":"https:\/\/ife.ee\/fr\/wp-json\/wp\/v2\/comments?post=13442"}],"version-history":[{"count":10,"href":"https:\/\/ife.ee\/fr\/wp-json\/wp\/v2\/pages\/13442\/revisions"}],"predecessor-version":[{"id":66024,"href":"https:\/\/ife.ee\/fr\/wp-json\/wp\/v2\/pages\/13442\/revisions\/66024"}],"up":[{"embeddable":true,"href":"https:\/\/ife.ee\/fr\/wp-json\/wp\/v2\/pages\/12277"}],"wp:featuredmedia":[{"embeddable":true,"href":"https:\/\/ife.ee\/fr\/wp-json\/wp\/v2\/media\/15868"}],"wp:attachment":[{"href":"https:\/\/ife.ee\/fr\/wp-json\/wp\/v2\/media?parent=13442"}],"curies":[{"name":"wp","href":"https:\/\/api.w.org\/{rel}","templated":true}]}}