{"id":12333,"date":"2016-09-07T14:40:05","date_gmt":"2016-09-07T12:40:05","guid":{"rendered":"http:\/\/ife.taavikybar.com\/a-propos\/offres-de-stage\/"},"modified":"2021-10-29T13:55:36","modified_gmt":"2021-10-29T11:55:36","slug":"offres-de-stage","status":"publish","type":"page","link":"https:\/\/ife.ee\/fr\/a-propos\/offres-de-stage\/","title":{"rendered":"Offres de stage"},"content":{"rendered":"<section class=\"wpb-content-wrapper\"><p>[vc_row][vc_column][vc_column_text]<\/p>\n<p>L&#8217;Institut fran\u00e7ais d&#8217;Estonie propose, tout au long de l&#8217;ann\u00e9e, des stages de deux mois dans le domaine de la communication. Pour candidater, merci de nous faire parvenir un CV et une lettre de motivation mentionnant votre p\u00e9riode de disponibilit\u00e9 \u00e0 l&#8217;adresse suivante&nbsp; : <strong><span style=\"text-decoration: underline;\">dora[a]ife.ee<\/span><\/strong>.&nbsp;&nbsp;<\/p>\n<p>[\/vc_column_text][\/vc_column][\/vc_row]<\/p>\n<\/section>","protected":false},"excerpt":{"rendered":"<p>[vc_row][vc_column][vc_column_text]<br \/>\nL&#8217;Institut fran\u00e7ais d&#8217;Estonie propose, tout au long de l&#8217;ann\u00e9e, des stages de deux mois dans le domaine de la communication. Pour candidater, merci de nous faire parvenir un CV et une lettre de motivation mentionnant votre p\u00e9riode de disponibilit\u00e9 \u00e0 l&#8217;adresse suivante&nbsp; : dora[a]ife.ee.&nbsp;&nbsp;<br \/>\n[\/vc_column_text][\/vc_column][\/vc_row]<\/p>\n","protected":false},"author":1,"featured_media":12727,"parent":12289,"menu_order":0,"comment_status":"closed","ping_status":"closed","template":"","meta":{"_monsterinsights_skip_tracking":false,"_monsterinsights_sitenote_active":false,"_monsterinsights_sitenote_note":"","_monsterinsights_sitenote_category":0,"ngg_post_thumbnail":0,"footnotes":""},"class_list":["post-12333","page","type-page","status-publish","has-post-thumbnail","hentry"],"yoast_head":"<!-- This site is optimized with the Yoast SEO plugin v27.3 - https:\/\/yoast.com\/product\/yoast-seo-wordpress\/ -->\n<title>Offres de stage - Prantsuse Instituut Eestis<\/title>\n<meta name=\"description\" content=\"L&#039;Institut fran\u00e7ais d&#039;Estonie propose, tout au long de l&#039;ann\u00e9e, des stages de deux mois dans le domaine de la communication. Pour candidater, merci de\" \/>\n<meta name=\"robots\" content=\"index, follow, max-snippet:-1, max-image-preview:large, max-video-preview:-1\" \/>\n<link rel=\"canonical\" href=\"https:\/\/ife.ee\/fr\/a-propos\/offres-de-stage\/\" \/>\n<meta name=\"twitter:card\" content=\"summary_large_image\" \/>\n<meta name=\"twitter:title\" content=\"Offres de stage - Prantsuse Instituut Eestis\" \/>\n<meta name=\"twitter:description\" content=\"L&#039;Institut fran\u00e7ais d&#039;Estonie propose, tout au long de l&#039;ann\u00e9e, des stages de deux mois dans le domaine de la communication. Pour candidater, merci de\" \/>\n<meta name=\"twitter:image\" content=\"https:\/\/ife.ee\/wp-content\/uploads\/2016\/09\/women-1209678_1920.jpg\" \/>\n<meta name=\"twitter:site\" content=\"@IF_Estonie\" \/>\n<meta name=\"twitter:label1\" content=\"Dur\u00e9e de lecture estim\u00e9e\" \/>\n\t<meta name=\"twitter:data1\" content=\"1 minute\" \/>\n<script type=\"application\/ld+json\" class=\"yoast-schema-graph\">{\"@context\":\"https:\\\/\\\/schema.org\",\"@graph\":[{\"@type\":\"WebPage\",\"@id\":\"https:\\\/\\\/ife.ee\\\/fr\\\/a-propos\\\/offres-de-stage\\\/\",\"url\":\"https:\\\/\\\/ife.ee\\\/fr\\\/a-propos\\\/offres-de-stage\\\/\",\"name\":\"Offres de stage - Prantsuse Instituut Eestis\",\"isPartOf\":{\"@id\":\"https:\\\/\\\/ife.ee\\\/#website\"},\"primaryImageOfPage\":{\"@id\":\"https:\\\/\\\/ife.ee\\\/fr\\\/a-propos\\\/offres-de-stage\\\/#primaryimage\"},\"image\":{\"@id\":\"https:\\\/\\\/ife.ee\\\/fr\\\/a-propos\\\/offres-de-stage\\\/#primaryimage\"},\"thumbnailUrl\":\"https:\\\/\\\/ife.ee\\\/wp-content\\\/uploads\\\/2016\\\/09\\\/women-1209678_1920.jpg\",\"datePublished\":\"2016-09-07T12:40:05+00:00\",\"dateModified\":\"2021-10-29T11:55:36+00:00\",\"description\":\"L'Institut fran\u00e7ais d'Estonie propose, tout au long de l'ann\u00e9e, des stages de deux mois dans le domaine de la communication. Pour candidater, merci de\",\"breadcrumb\":{\"@id\":\"https:\\\/\\\/ife.ee\\\/fr\\\/a-propos\\\/offres-de-stage\\\/#breadcrumb\"},\"inLanguage\":\"fr-FR\",\"potentialAction\":[{\"@type\":\"ReadAction\",\"target\":[\"https:\\\/\\\/ife.ee\\\/fr\\\/a-propos\\\/offres-de-stage\\\/\"]}]},{\"@type\":\"ImageObject\",\"inLanguage\":\"fr-FR\",\"@id\":\"https:\\\/\\\/ife.ee\\\/fr\\\/a-propos\\\/offres-de-stage\\\/#primaryimage\",\"url\":\"https:\\\/\\\/ife.ee\\\/wp-content\\\/uploads\\\/2016\\\/09\\\/women-1209678_1920.jpg\",\"contentUrl\":\"https:\\\/\\\/ife.ee\\\/wp-content\\\/uploads\\\/2016\\\/09\\\/women-1209678_1920.jpg\",\"width\":1920,\"height\":1280,\"caption\":\"internship\"},{\"@type\":\"BreadcrumbList\",\"@id\":\"https:\\\/\\\/ife.ee\\\/fr\\\/a-propos\\\/offres-de-stage\\\/#breadcrumb\",\"itemListElement\":[{\"@type\":\"ListItem\",\"position\":1,\"name\":\"Home\",\"item\":\"https:\\\/\\\/ife.ee\\\/fr\\\/\"},{\"@type\":\"ListItem\",\"position\":2,\"name\":\"A propos\",\"item\":\"https:\\\/\\\/ife.ee\\\/fr\\\/a-propos\\\/\"},{\"@type\":\"ListItem\",\"position\":3,\"name\":\"Offres de stage\"}]},{\"@type\":\"WebSite\",\"@id\":\"https:\\\/\\\/ife.ee\\\/#website\",\"url\":\"https:\\\/\\\/ife.ee\\\/\",\"name\":\"Prantsuse Instituut Eestis\",\"description\":\"ESTONIE\",\"potentialAction\":[{\"@type\":\"SearchAction\",\"target\":{\"@type\":\"EntryPoint\",\"urlTemplate\":\"https:\\\/\\\/ife.ee\\\/?s={search_term_string}\"},\"query-input\":{\"@type\":\"PropertyValueSpecification\",\"valueRequired\":true,\"valueName\":\"search_term_string\"}}],\"inLanguage\":\"fr-FR\"}]}<\/script>\n<!-- \/ Yoast SEO plugin. -->","yoast_head_json":{"title":"Offres de stage - Prantsuse Instituut Eestis","description":"L'Institut fran\u00e7ais d'Estonie propose, tout au long de l'ann\u00e9e, des stages de deux mois dans le domaine de la communication. Pour candidater, merci de","robots":{"index":"index","follow":"follow","max-snippet":"max-snippet:-1","max-image-preview":"max-image-preview:large","max-video-preview":"max-video-preview:-1"},"canonical":"https:\/\/ife.ee\/fr\/a-propos\/offres-de-stage\/","twitter_card":"summary_large_image","twitter_title":"Offres de stage - Prantsuse Instituut Eestis","twitter_description":"L'Institut fran\u00e7ais d'Estonie propose, tout au long de l'ann\u00e9e, des stages de deux mois dans le domaine de la communication. Pour candidater, merci de","twitter_image":"https:\/\/ife.ee\/wp-content\/uploads\/2016\/09\/women-1209678_1920.jpg","twitter_site":"@IF_Estonie","twitter_misc":{"Dur\u00e9e de lecture estim\u00e9e":"1 minute"},"schema":{"@context":"https:\/\/schema.org","@graph":[{"@type":"WebPage","@id":"https:\/\/ife.ee\/fr\/a-propos\/offres-de-stage\/","url":"https:\/\/ife.ee\/fr\/a-propos\/offres-de-stage\/","name":"Offres de stage - Prantsuse Instituut Eestis","isPartOf":{"@id":"https:\/\/ife.ee\/#website"},"primaryImageOfPage":{"@id":"https:\/\/ife.ee\/fr\/a-propos\/offres-de-stage\/#primaryimage"},"image":{"@id":"https:\/\/ife.ee\/fr\/a-propos\/offres-de-stage\/#primaryimage"},"thumbnailUrl":"https:\/\/ife.ee\/wp-content\/uploads\/2016\/09\/women-1209678_1920.jpg","datePublished":"2016-09-07T12:40:05+00:00","dateModified":"2021-10-29T11:55:36+00:00","description":"L'Institut fran\u00e7ais d'Estonie propose, tout au long de l'ann\u00e9e, des stages de deux mois dans le domaine de la communication. Pour candidater, merci de","breadcrumb":{"@id":"https:\/\/ife.ee\/fr\/a-propos\/offres-de-stage\/#breadcrumb"},"inLanguage":"fr-FR","potentialAction":[{"@type":"ReadAction","target":["https:\/\/ife.ee\/fr\/a-propos\/offres-de-stage\/"]}]},{"@type":"ImageObject","inLanguage":"fr-FR","@id":"https:\/\/ife.ee\/fr\/a-propos\/offres-de-stage\/#primaryimage","url":"https:\/\/ife.ee\/wp-content\/uploads\/2016\/09\/women-1209678_1920.jpg","contentUrl":"https:\/\/ife.ee\/wp-content\/uploads\/2016\/09\/women-1209678_1920.jpg","width":1920,"height":1280,"caption":"internship"},{"@type":"BreadcrumbList","@id":"https:\/\/ife.ee\/fr\/a-propos\/offres-de-stage\/#breadcrumb","itemListElement":[{"@type":"ListItem","position":1,"name":"Home","item":"https:\/\/ife.ee\/fr\/"},{"@type":"ListItem","position":2,"name":"A propos","item":"https:\/\/ife.ee\/fr\/a-propos\/"},{"@type":"ListItem","position":3,"name":"Offres de stage"}]},{"@type":"WebSite","@id":"https:\/\/ife.ee\/#website","url":"https:\/\/ife.ee\/","name":"Prantsuse Instituut Eestis","description":"ESTONIE","potentialAction":[{"@type":"SearchAction","target":{"@type":"EntryPoint","urlTemplate":"https:\/\/ife.ee\/?s={search_term_string}"},"query-input":{"@type":"PropertyValueSpecification","valueRequired":true,"valueName":"search_term_string"}}],"inLanguage":"fr-FR"}]}},"_links":{"self":[{"href":"https:\/\/ife.ee\/fr\/wp-json\/wp\/v2\/pages\/12333","targetHints":{"allow":["GET"]}}],"collection":[{"href":"https:\/\/ife.ee\/fr\/wp-json\/wp\/v2\/pages"}],"about":[{"href":"https:\/\/ife.ee\/fr\/wp-json\/wp\/v2\/types\/page"}],"author":[{"embeddable":true,"href":"https:\/\/ife.ee\/fr\/wp-json\/wp\/v2\/users\/1"}],"replies":[{"embeddable":true,"href":"https:\/\/ife.ee\/fr\/wp-json\/wp\/v2\/comments?post=12333"}],"version-history":[{"count":0,"href":"https:\/\/ife.ee\/fr\/wp-json\/wp\/v2\/pages\/12333\/revisions"}],"up":[{"embeddable":true,"href":"https:\/\/ife.ee\/fr\/wp-json\/wp\/v2\/pages\/12289"}],"wp:featuredmedia":[{"embeddable":true,"href":"https:\/\/ife.ee\/fr\/wp-json\/wp\/v2\/media\/12727"}],"wp:attachment":[{"href":"https:\/\/ife.ee\/fr\/wp-json\/wp\/v2\/media?parent=12333"}],"curies":[{"name":"wp","href":"https:\/\/api.w.org\/{rel}","templated":true}]}}